{"id":4343,"date":"2025-05-27T15:56:03","date_gmt":"2025-05-27T15:56:03","guid":{"rendered":"https:\/\/cerc-mb.ca\/?page_id=4343"},"modified":"2025-05-27T15:56:03","modified_gmt":"2025-05-27T15:56:03","slug":"demande-de-rendez-vous","status":"publish","type":"page","link":"https:\/\/cerc-mb.ca\/fr\/demande-de-rendez-vous\/","title":{"rendered":"Demande de rendez-vous"},"content":{"rendered":"<div class=\"frm_forms  with_frm_style frm_style_formidable-style\" id=\"frm_form_7_container\" data-token=\"aba31b823c14b3cdb1112d6226a437e5\">\n<form enctype=\"multipart\/form-data\" method=\"post\" class=\"frm-show-form \" id=\"form_5vqgm\" data-token=\"aba31b823c14b3cdb1112d6226a437e5\">\n<div class=\"frm_form_fields \">\n<fieldset>\n<legend class=\"frm_screen_reader\">Demande de rendez-vous:<\/legend>\r\n\r\n<div class=\"frm_fields_container\">\n<input type=\"hidden\" name=\"frm_action\" value=\"create\" \/>\n<input type=\"hidden\" name=\"form_id\" value=\"7\" \/>\n<input type=\"hidden\" name=\"frm_hide_fields_7\" id=\"frm_hide_fields_7\" value=\"\" \/>\n<input type=\"hidden\" name=\"form_key\" value=\"5vqgm\" \/>\n<input type=\"hidden\" name=\"item_meta[0]\" value=\"\" \/>\n<input type=\"hidden\" id=\"frm_submit_entry_7\" name=\"frm_submit_entry_7\" value=\"eafa6a9053\" \/><input type=\"hidden\" name=\"_wp_http_referer\" value=\"\/fr\/wp-json\/wp\/v2\/pages\/4343\" \/><div id=\"frm_field_119_container\" class=\"frm_form_field form-field  frm_top_container\">\r\n\t<label for=\"field_tnwpf\" id=\"field_tnwpf_label\" class=\"frm_primary_label\">Pr\u00e9nom\r\n\t\t<span class=\"frm_required\" aria-hidden=\"true\"><\/span>\r\n\t<\/label>\r\n\t<input type=\"text\" id=\"field_tnwpf\" name=\"item_meta[119]\" value=\"\"  data-invmsg=\"Pr\u00e9nom is invalid\" aria-invalid=\"false\"  \/>\r\n\t\r\n\t\r\n<\/div>\n<div id=\"frm_field_120_container\" class=\"frm_form_field form-field  frm_top_container\">\r\n\t<label for=\"field_el5nn\" id=\"field_el5nn_label\" class=\"frm_primary_label\">Nom de famille\r\n\t\t<span class=\"frm_required\" aria-hidden=\"true\"><\/span>\r\n\t<\/label>\r\n\t<input type=\"text\" id=\"field_el5nn\" name=\"item_meta[120]\" value=\"\"  data-invmsg=\"Nom de famille is invalid\" aria-invalid=\"false\"  \/>\r\n\t\r\n\t\r\n<\/div>\n<div id=\"frm_field_121_container\" class=\"frm_form_field form-field  frm_top_container\">\r\n\t<label for=\"field_7aage\" id=\"field_7aage_label\" class=\"frm_primary_label\">Ville\r\n\t\t<span class=\"frm_required\" aria-hidden=\"true\"><\/span>\r\n\t<\/label>\r\n\t<input type=\"text\" id=\"field_7aage\" name=\"item_meta[121]\" value=\"\"  data-invmsg=\"Ville is invalid\" aria-invalid=\"false\"  \/>\r\n\t\r\n\t\r\n<\/div>\n<div id=\"frm_field_122_container\" class=\"frm_form_field form-field  frm_required_field frm_top_container\">\r\n\t<label for=\"field_6y9ie\" id=\"field_6y9ie_label\" class=\"frm_primary_label\">Courriel\r\n\t\t<span class=\"frm_required\" aria-hidden=\"true\">*<\/span>\r\n\t<\/label>\r\n\t<input type=\"text\" id=\"field_6y9ie\" name=\"item_meta[122]\" value=\"\"  data-reqmsg=\"Courriel cannot be blank.\" aria-required=\"true\" data-invmsg=\"Courriel is invalid\" aria-invalid=\"false\"  \/>\r\n\t\r\n\t\r\n<\/div>\n<div id=\"frm_field_123_container\" class=\"frm_form_field form-field  frm_required_field frm_top_container\">\r\n\t<label for=\"field_1u1il\" id=\"field_1u1il_label\" class=\"frm_primary_label\">Num\u00e9ro de t\u00e9l\u00e9phone\r\n\t\t<span class=\"frm_required\" aria-hidden=\"true\">*<\/span>\r\n\t<\/label>\r\n\t<input type=\"text\" id=\"field_1u1il\" name=\"item_meta[123]\" value=\"\"  data-reqmsg=\"Num\u00e9ro de t\u00e9l\u00e9phone cannot be blank.\" aria-required=\"true\" data-invmsg=\"Num\u00e9ro de t\u00e9l\u00e9phone is invalid\" aria-invalid=\"false\"  \/>\r\n\t\r\n\t\r\n<\/div>\n<div id=\"frm_field_125_container\" class=\"frm_form_field form-field  frm_top_container\">\r\n\t<label for=\"field_vyrqp\" id=\"field_vyrqp_label\" class=\"frm_primary_label\">Mode de communication:\r\n\t\t<span class=\"frm_required\" aria-hidden=\"true\"><\/span>\r\n\t<\/label>\r\n\t\t\t<select name=\"item_meta[125]\" id=\"field_vyrqp\"  data-invmsg=\"Mode de communication: is invalid\" aria-invalid=\"false\"  >\n\t\t<option  value=\"T\u00e9l\u00e9phone\">T\u00e9l\u00e9phone<\/option><option  value=\"Texte\">Texte<\/option><option  value=\"Courriel\">Courriel<\/option>\t<\/select>\n\t\r\n\t\r\n\t\r\n<\/div>\n<div id=\"frm_field_126_container\" class=\"frm_form_field form-field  frm_top_container vertical_radio\">\r\n\t<div  id=\"field_vewga_label\" class=\"frm_primary_label\">Je suis plus pr\u00e8s de:\r\n\t\t<span class=\"frm_required\" aria-hidden=\"true\"><\/span>\r\n\t<\/div>\r\n\t<div class=\"frm_opt_container\" aria-labelledby=\"field_vewga_label\" role=\"radiogroup\">\t\t<div class=\"frm_radio\" id=\"frm_radio_126-0\">\t\t\t<label  for=\"field_vewga-0\">\n\t\t\t\t\t<input type=\"radio\" name=\"item_meta[126]\" id=\"field_vewga-0\" value=\"Office Principale - Centre de service bilingue - St-Pierre-Jolys\"\n\t\t data-invmsg=\"Je suis plus pr\u00e8s de: is invalid\"   \/> Office Principale - Centre de service bilingue - St-Pierre-Jolys<\/label><\/div>\n\t\t<div class=\"frm_radio\" id=\"frm_radio_126-1\">\t\t\t<label  for=\"field_vewga-1\">\n\t\t\t\t\t<input type=\"radio\" name=\"item_meta[126]\" id=\"field_vewga-1\" value=\"Office Satellite - Centre de service bilingue - Ste Anne\"\n\t\t data-invmsg=\"Je suis plus pr\u00e8s de: is invalid\"   \/> Office Satellite - Centre de service bilingue - Ste Anne<\/label><\/div>\n<\/div>\r\n\t\r\n\t\r\n<\/div>\n<div id=\"frm_field_127_container\" class=\"frm_form_field form-field  frm_top_container frm12 frm_first vertical_radio\">\r\n\t<div  id=\"field_zsc6s_label\" class=\"frm_primary_label\">J'aimerais de l'information au sujet de:\r\n\t\t<span class=\"frm_required\" aria-hidden=\"true\"><\/span>\r\n\t<\/div>\r\n\t<div class=\"frm_opt_container\" aria-labelledby=\"field_zsc6s_label\" role=\"group\">\t\t<div class=\"frm_checkbox\" id=\"frm_checkbox_127-0\">\t\t\t<label  for=\"field_zsc6s-0\">\n\t\t\t<input type=\"checkbox\" name=\"item_meta[127][]\" id=\"field_zsc6s-0\" value=\"CV \/ Lettre de pr\u00e9sentation\"  data-invmsg=\"J&#039;aimerais de l&#039;information au sujet de: is invalid\"   \/> CV \/ Lettre de pr\u00e9sentation<\/label><\/div>\n\t\t<div class=\"frm_checkbox\" id=\"frm_checkbox_127-1\">\t\t\t<label  for=\"field_zsc6s-1\">\n\t\t\t<input type=\"checkbox\" name=\"item_meta[127][]\" id=\"field_zsc6s-1\" value=\"Recherche d&#039;emploi\"  data-invmsg=\"J&#039;aimerais de l&#039;information au sujet de: is invalid\"   \/> Recherche d'emploi<\/label><\/div>\n\t\t<div class=\"frm_checkbox\" id=\"frm_checkbox_127-2\">\t\t\t<label  for=\"field_zsc6s-2\">\n\t\t\t<input type=\"checkbox\" name=\"item_meta[127][]\" id=\"field_zsc6s-2\" value=\"Conseils en entretiens\"  data-invmsg=\"J&#039;aimerais de l&#039;information au sujet de: is invalid\"   \/> Conseils en entretiens<\/label><\/div>\n\t\t<div class=\"frm_checkbox\" id=\"frm_checkbox_127-3\">\t\t\t<label  for=\"field_zsc6s-3\">\n\t\t\t<input type=\"checkbox\" name=\"item_meta[127][]\" id=\"field_zsc6s-3\" value=\"Direction de carri\u00e8re\"  data-invmsg=\"J&#039;aimerais de l&#039;information au sujet de: is invalid\"   \/> Direction de carri\u00e8re<\/label><\/div>\n\t\t<div class=\"frm_checkbox\" id=\"frm_checkbox_127-4\">\t\t\t<label  for=\"field_zsc6s-4\">\n\t\t\t<input type=\"checkbox\" name=\"item_meta[127][]\" id=\"field_zsc6s-4\" value=\"Exploration de carri\u00e8re \u00e0 l&#039;aide de la r\u00e9alit\u00e9 virtuelle\"  data-invmsg=\"J&#039;aimerais de l&#039;information au sujet de: is invalid\"   \/> Exploration de carri\u00e8re \u00e0 l'aide de la r\u00e9alit\u00e9 virtuelle<\/label><\/div>\n\t\t<div class=\"frm_checkbox\" id=\"frm_checkbox_127-5\">\t\t\t<label  for=\"field_zsc6s-5\">\n\t\t\t<input type=\"checkbox\" name=\"item_meta[127][]\" id=\"field_zsc6s-5\" value=\"Commencer un entreprise\"  data-invmsg=\"J&#039;aimerais de l&#039;information au sujet de: is invalid\"   \/> Commencer un entreprise<\/label><\/div>\n\t\t<div class=\"frm_checkbox\" id=\"frm_checkbox_127-6\">\t\t\t<label  for=\"field_zsc6s-6\">\n\t\t\t<input type=\"checkbox\" name=\"item_meta[127][]\" id=\"field_zsc6s-6\" value=\"Infomation de r\u00e9seau\"  data-invmsg=\"J&#039;aimerais de l&#039;information au sujet de: is invalid\"   \/> Infomation de r\u00e9seau<\/label><\/div>\n\t\t<div class=\"frm_checkbox\" id=\"frm_checkbox_127-7\">\t\t\t<label  for=\"field_zsc6s-7\">\n\t\t\t<input type=\"checkbox\" name=\"item_meta[127][]\" id=\"field_zsc6s-7\" value=\"Ateliers sur l&#039;emploi\"  data-invmsg=\"J&#039;aimerais de l&#039;information au sujet de: is invalid\"   \/> Ateliers sur l'emploi<\/label><\/div>\n\t\t<div class=\"frm_checkbox\" id=\"frm_checkbox_127-8\">\t\t\t<label  for=\"field_zsc6s-8\">\n\t\t\t<input type=\"checkbox\" name=\"item_meta[127][]\" id=\"field_zsc6s-8\" value=\"Tout\"  data-invmsg=\"J&#039;aimerais de l&#039;information au sujet de: is invalid\"   \/> Tout<\/label><\/div>\n\t\t<div class=\"frm_checkbox\" id=\"frm_checkbox_127-9\">\t\t\t<label  for=\"field_zsc6s-9\">\n\t\t\t<input type=\"checkbox\" name=\"item_meta[127][]\" id=\"field_zsc6s-9\" value=\"Je ne sais pas\"  data-invmsg=\"J&#039;aimerais de l&#039;information au sujet de: is invalid\"   \/> Je ne sais pas<\/label><\/div>\n<\/div>\r\n\t\r\n\t\r\n<\/div>\n<div id=\"frm_field_128_container\" class=\"frm_form_field form-field  frm_top_container vertical_radio\">\r\n\t<div  id=\"field_1llm0_label\" class=\"frm_primary_label\">Type de rencontre:\r\n\t\t<span class=\"frm_required\" aria-hidden=\"true\"><\/span>\r\n\t<\/div>\r\n\t<div class=\"frm_opt_container\" aria-labelledby=\"field_1llm0_label\" role=\"group\">\t\t<div class=\"frm_checkbox\" id=\"frm_checkbox_128-0\">\t\t\t<label  for=\"field_1llm0-0\">\n\t\t\t<input type=\"checkbox\" name=\"item_meta[128][]\" id=\"field_1llm0-0\" value=\"Par t\u00e9l\u00e9phone\"  data-invmsg=\"Type de rencontre: is invalid\"   \/> Par t\u00e9l\u00e9phone<\/label><\/div>\n\t\t<div class=\"frm_checkbox\" id=\"frm_checkbox_128-1\">\t\t\t<label  for=\"field_1llm0-1\">\n\t\t\t<input type=\"checkbox\" name=\"item_meta[128][]\" id=\"field_1llm0-1\" value=\"En person\"  data-invmsg=\"Type de rencontre: is invalid\"   \/> En person<\/label><\/div>\n\t\t<div class=\"frm_checkbox\" id=\"frm_checkbox_128-2\">\t\t\t<label  for=\"field_1llm0-2\">\n\t\t\t<input type=\"checkbox\" name=\"item_meta[128][]\" id=\"field_1llm0-2\" value=\"Via Zoom ou Teams\"  data-invmsg=\"Type de rencontre: is invalid\"   \/> Via Zoom ou Teams<\/label><\/div>\n<\/div>\r\n\t\r\n\t\r\n<\/div>\n<div id=\"frm_field_129_container\" class=\"frm_form_field form-field  frm_top_container vertical_radio\">\r\n\t<div  id=\"field_esx4f_label\" class=\"frm_primary_label\">Meilleurs temps:\r\n\t\t<span class=\"frm_required\" aria-hidden=\"true\"><\/span>\r\n\t<\/div>\r\n\t<div class=\"frm_opt_container\" aria-labelledby=\"field_esx4f_label\" role=\"group\">\t\t<div class=\"frm_checkbox\" id=\"frm_checkbox_129-0\">\t\t\t<label  for=\"field_esx4f-0\">\n\t\t\t<input type=\"checkbox\" name=\"item_meta[129][]\" id=\"field_esx4f-0\" value=\"Aussit\u00f4t que possible\"  data-invmsg=\"Meilleurs temps: is invalid\"   \/> Aussit\u00f4t que possible<\/label><\/div>\n\t\t<div class=\"frm_checkbox\" id=\"frm_checkbox_129-1\">\t\t\t<label  for=\"field_esx4f-1\">\n\t\t\t<input type=\"checkbox\" name=\"item_meta[129][]\" id=\"field_esx4f-1\" value=\"Les matins durant la semaine\"  data-invmsg=\"Meilleurs temps: is invalid\"   \/> Les matins durant la semaine<\/label><\/div>\n\t\t<div class=\"frm_checkbox\" id=\"frm_checkbox_129-2\">\t\t\t<label  for=\"field_esx4f-2\">\n\t\t\t<input type=\"checkbox\" name=\"item_meta[129][]\" id=\"field_esx4f-2\" value=\"L&#039;apr\u00e8s-midi durant la semaine\"  data-invmsg=\"Meilleurs temps: is invalid\"   \/> L'apr\u00e8s-midi durant la semaine<\/label><\/div>\n\t\t<div class=\"frm_checkbox\" id=\"frm_checkbox_129-3\">\t\t\t<label  for=\"field_esx4f-3\">\n\t\t\t<input type=\"checkbox\" name=\"item_meta[129][]\" id=\"field_esx4f-3\" value=\"Autres temps car j&#039;ai des conflits d&#039;horaire\"  data-invmsg=\"Meilleurs temps: is invalid\"   \/> Autres temps car j'ai des conflits d'horaire<\/label><\/div>\n<\/div>\r\n\t\r\n\t\r\n<\/div>\n<div id=\"frm_field_130_container\" class=\"frm_form_field form-field  frm_top_container\">\r\n\t<label for=\"field_hhtkw\" id=\"field_hhtkw_label\" class=\"frm_primary_label\">Comment pouvons-nous aider? Information additionnelle:\r\n\t\t<span class=\"frm_required\" aria-hidden=\"true\"><\/span>\r\n\t<\/label>\r\n\t<textarea name=\"item_meta[130]\" id=\"field_hhtkw\" rows=\"5\"  data-invmsg=\"Comment pouvons-nous aider? Information additionnelle: est non valide\" aria-invalid=\"false\"  ><\/textarea>\r\n\t\r\n\t\r\n<\/div>\n<div id=\"frm_field_118_container\" class=\"frm_form_field form-field  frm12 frm_first\">\r\n\t<div class=\"frm_submit frm_flex\">\r\n<button class=\"frm_button_submit\" type=\"submit\"  >Soumettre<\/button>\r\n\r\n\r\n\r\n<\/div>\r\n<\/div>\n\t<input type=\"hidden\" name=\"item_key\" value=\"\" \/>\n\t\t\t<div id=\"frm_field_131_container\">\n\t\t\t<label for=\"field_hx7v7\" >\n\t\t\t\tSi vous \u00eates un humain, ne remplissez pas ce champ.\t\t\t<\/label>\n\t\t\t<input  id=\"field_hx7v7\" type=\"text\" class=\"frm_form_field form-field frm_verify\" name=\"item_meta[131]\" value=\"\"  \/>\n\t\t<\/div>\n\t\t<input name=\"frm_state\" type=\"hidden\" value=\"rlOczEdd2HfO8biiMuv3QK\/DRvjkct3FBUZ6V9Hcu0o=\" \/><\/div>\n<\/fieldset>\n<\/div>\n\n<\/form>\n<\/div>\n\n","protected":false},"excerpt":{"rendered":"Demande de rendez-vous: Pr\u00e9nom Nom de famille Ville Courriel * Num\u00e9ro de t\u00e9l\u00e9phone * Mode de communication: T\u00e9l\u00e9phoneTexteCourriel Je suis plus pr\u00e8s de: Office Principale - Centre de service bilingue - St-Pierre-Jolys Office Satellite - Centre de service bilingue - Ste Anne J'aimerais de l'information au sujet de: CV \/ Lettre de pr\u00e9sentation Recherche d'emploi Conseils en entretiens Direction de carri\u00e8re Exploration de carri\u00e8re \u00e0 l'aide de la r\u00e9alit\u00e9 virtuelle Commencer un entreprise Infomation de r\u00e9seau Ateliers sur l'emploi Tout Je ne sais pas Type de rencontre: Par t\u00e9l\u00e9phone En person Via Zoom ou Teams Meilleurs temps: Aussit\u00f4t que possible Les matins durant la semaine L'apr\u00e8s-midi durant la semaine Autres temps car j'ai des conflits d'horaire Comment pouvons-nous aider? Information additionnelle: Soumettre Si vous \u00eates un humain, ne remplissez pas ce champ.","protected":false},"author":4,"featured_media":0,"parent":0,"menu_order":0,"comment_status":"closed","ping_status":"closed","template":"","meta":{"footnotes":""},"class_list":["post-4343","page","type-page","status-publish","hentry"],"yoast_head":"<!-- This site is optimized with the Yoast SEO plugin v27.3 - https:\/\/yoast.com\/product\/yoast-seo-wordpress\/ -->\n<title>Demande de rendez-vous - CERC<\/title>\n<meta name=\"robots\" content=\"index, follow, max-snippet:-1, max-image-preview:large, max-video-preview:-1\" \/>\n<link rel=\"canonical\" href=\"https:\/\/cerc-mb.ca\/fr\/demande-de-rendez-vous\/\" \/>\n<meta property=\"og:locale\" content=\"fr_FR\" \/>\n<meta property=\"og:type\" content=\"article\" \/>\n<meta property=\"og:title\" content=\"Demande de rendez-vous - CERC\" \/>\n<meta property=\"og:url\" content=\"https:\/\/cerc-mb.ca\/fr\/demande-de-rendez-vous\/\" \/>\n<meta property=\"og:site_name\" content=\"CERC\" \/>\n<meta name=\"twitter:card\" content=\"summary_large_image\" \/>\n<meta name=\"twitter:label1\" content=\"Dur\u00e9e de lecture estim\u00e9e\" \/>\n\t<meta name=\"twitter:data1\" content=\"1 minute\" \/>\n<script type=\"application\/ld+json\" class=\"yoast-schema-graph\">{\"@context\":\"https:\\\/\\\/schema.org\",\"@graph\":[{\"@type\":\"WebPage\",\"@id\":\"https:\\\/\\\/cerc-mb.ca\\\/fr\\\/demande-de-rendez-vous\\\/\",\"url\":\"https:\\\/\\\/cerc-mb.ca\\\/fr\\\/demande-de-rendez-vous\\\/\",\"name\":\"Demande de rendez-vous - CERC\",\"isPartOf\":{\"@id\":\"https:\\\/\\\/cerc-mb.ca\\\/en\\\/#website\"},\"datePublished\":\"2025-05-27T15:56:03+00:00\",\"breadcrumb\":{\"@id\":\"https:\\\/\\\/cerc-mb.ca\\\/fr\\\/demande-de-rendez-vous\\\/#breadcrumb\"},\"inLanguage\":\"fr-FR\",\"potentialAction\":[{\"@type\":\"ReadAction\",\"target\":[\"https:\\\/\\\/cerc-mb.ca\\\/fr\\\/demande-de-rendez-vous\\\/\"]}]},{\"@type\":\"BreadcrumbList\",\"@id\":\"https:\\\/\\\/cerc-mb.ca\\\/fr\\\/demande-de-rendez-vous\\\/#breadcrumb\",\"itemListElement\":[{\"@type\":\"ListItem\",\"position\":1,\"name\":\"Home\",\"item\":\"https:\\\/\\\/cerc-mb.ca\\\/fr\\\/\"},{\"@type\":\"ListItem\",\"position\":2,\"name\":\"Demande de rendez-vous\"}]},{\"@type\":\"WebSite\",\"@id\":\"https:\\\/\\\/cerc-mb.ca\\\/en\\\/#website\",\"url\":\"https:\\\/\\\/cerc-mb.ca\\\/en\\\/\",\"name\":\"CERC\",\"description\":\"\",\"potentialAction\":[{\"@type\":\"SearchAction\",\"target\":{\"@type\":\"EntryPoint\",\"urlTemplate\":\"https:\\\/\\\/cerc-mb.ca\\\/en\\\/?s={search_term_string}\"},\"query-input\":{\"@type\":\"PropertyValueSpecification\",\"valueRequired\":true,\"valueName\":\"search_term_string\"}}],\"inLanguage\":\"fr-FR\"}]}<\/script>\n<!-- \/ Yoast SEO plugin. -->","yoast_head_json":{"title":"Demande de rendez-vous - CERC","robots":{"index":"index","follow":"follow","max-snippet":"max-snippet:-1","max-image-preview":"max-image-preview:large","max-video-preview":"max-video-preview:-1"},"canonical":"https:\/\/cerc-mb.ca\/fr\/demande-de-rendez-vous\/","og_locale":"fr_FR","og_type":"article","og_title":"Demande de rendez-vous - CERC","og_url":"https:\/\/cerc-mb.ca\/fr\/demande-de-rendez-vous\/","og_site_name":"CERC","twitter_card":"summary_large_image","twitter_misc":{"Dur\u00e9e de lecture estim\u00e9e":"1 minute"},"schema":{"@context":"https:\/\/schema.org","@graph":[{"@type":"WebPage","@id":"https:\/\/cerc-mb.ca\/fr\/demande-de-rendez-vous\/","url":"https:\/\/cerc-mb.ca\/fr\/demande-de-rendez-vous\/","name":"Demande de rendez-vous - CERC","isPartOf":{"@id":"https:\/\/cerc-mb.ca\/en\/#website"},"datePublished":"2025-05-27T15:56:03+00:00","breadcrumb":{"@id":"https:\/\/cerc-mb.ca\/fr\/demande-de-rendez-vous\/#breadcrumb"},"inLanguage":"fr-FR","potentialAction":[{"@type":"ReadAction","target":["https:\/\/cerc-mb.ca\/fr\/demande-de-rendez-vous\/"]}]},{"@type":"BreadcrumbList","@id":"https:\/\/cerc-mb.ca\/fr\/demande-de-rendez-vous\/#breadcrumb","itemListElement":[{"@type":"ListItem","position":1,"name":"Home","item":"https:\/\/cerc-mb.ca\/fr\/"},{"@type":"ListItem","position":2,"name":"Demande de rendez-vous"}]},{"@type":"WebSite","@id":"https:\/\/cerc-mb.ca\/en\/#website","url":"https:\/\/cerc-mb.ca\/en\/","name":"CERC","description":"","potentialAction":[{"@type":"SearchAction","target":{"@type":"EntryPoint","urlTemplate":"https:\/\/cerc-mb.ca\/en\/?s={search_term_string}"},"query-input":{"@type":"PropertyValueSpecification","valueRequired":true,"valueName":"search_term_string"}}],"inLanguage":"fr-FR"}]}},"publishpress_future_workflow_manual_trigger":{"enabledWorkflows":[]},"_links":{"self":[{"href":"https:\/\/cerc-mb.ca\/fr\/wp-json\/wp\/v2\/pages\/4343","targetHints":{"allow":["GET"]}}],"collection":[{"href":"https:\/\/cerc-mb.ca\/fr\/wp-json\/wp\/v2\/pages"}],"about":[{"href":"https:\/\/cerc-mb.ca\/fr\/wp-json\/wp\/v2\/types\/page"}],"author":[{"embeddable":true,"href":"https:\/\/cerc-mb.ca\/fr\/wp-json\/wp\/v2\/users\/4"}],"replies":[{"embeddable":true,"href":"https:\/\/cerc-mb.ca\/fr\/wp-json\/wp\/v2\/comments?post=4343"}],"version-history":[{"count":1,"href":"https:\/\/cerc-mb.ca\/fr\/wp-json\/wp\/v2\/pages\/4343\/revisions"}],"predecessor-version":[{"id":4344,"href":"https:\/\/cerc-mb.ca\/fr\/wp-json\/wp\/v2\/pages\/4343\/revisions\/4344"}],"wp:attachment":[{"href":"https:\/\/cerc-mb.ca\/fr\/wp-json\/wp\/v2\/media?parent=4343"}],"curies":[{"name":"wp","href":"https:\/\/api.w.org\/{rel}","templated":true}]}}