{"id":3572,"date":"2022-11-25T21:27:11","date_gmt":"2022-11-25T21:27:11","guid":{"rendered":"https:\/\/cerc-mb.ca\/?page_id=3572"},"modified":"2024-08-07T19:03:53","modified_gmt":"2024-08-07T19:03:53","slug":"orientation-de-carriere","status":"publish","type":"page","link":"https:\/\/cerc-mb.ca\/fr\/chercheurs-demploi\/orientation-de-carriere\/","title":{"rendered":"Orientation de Carri\u00e8re"},"content":{"rendered":"\n\t\t<style type=\"text\/css\">\n\t\t\t#gallery-1 {\n\t\t\t\tmargin: auto;\n\t\t\t}\n\t\t\t#gallery-1 .gallery-item {\n\t\t\t\tfloat: left;\n\t\t\t\tmargin-top: 10px;\n\t\t\t\ttext-align: center;\n\t\t\t\twidth: 33%;\n\t\t\t}\n\t\t\t#gallery-1 img {\n\t\t\t\tborder: 2px solid #cfcfcf;\n\t\t\t}\n\t\t\t#gallery-1 .gallery-caption {\n\t\t\t\tmargin-left: 0;\n\t\t\t}\n\t\t\t\/* see gallery_shortcode() in wp-includes\/media.php *\/\n\t\t<\/style>\n\t\t<div id='gallery-1' class='gallery galleryid-3572 gallery-columns-3 gallery-size-full'><dl class='gallery-item'>\n\t\t\t<dt class='gallery-icon landscape'>\n\t\t\t\t<a href='https:\/\/cerc-mb.ca\/fr\/chercheurs-demploi\/orientation-de-carriere\/career-labs-logo-h-2\/'><img decoding=\"async\" width=\"751\" height=\"194\" src=\"https:\/\/cerc-mb.ca\/wp-content\/uploads\/2022\/11\/career-labs-logo-h.png\" class=\"attachment-full size-full\" alt=\"\" srcset=\"https:\/\/cerc-mb.ca\/wp-content\/uploads\/2022\/11\/career-labs-logo-h.png 751w, https:\/\/cerc-mb.ca\/wp-content\/uploads\/2022\/11\/career-labs-logo-h-300x77.png 300w\" sizes=\"(max-width: 751px) 100vw, 751px\" \/><\/a>\n\t\t\t<\/dt><\/dl>\n\t\t\t<br style='clear: both' \/>\n\t\t<\/div>\n\n<p>&nbsp;<\/p>\n<p>Souhaitez-vous avoir la possibilit\u00e9 d&#8217;explorer une carri\u00e8re avant de la poursuivre ?<\/p>\n<p>Gr\u00e2ce \u00e0 un partenariat avec CareerLabsVR, nous offrons diff\u00e9rentes simulations en r\u00e9alit\u00e9 virtuelle :<\/p>\n<p>Cliquez sur l&#8217;une des simulations pour voir une d\u00e9monstration pour chaque simulation !<\/p>\n<p>&nbsp;<\/p>\n<table style=\"border-collapse: collapse; width: 100%; height: 414px;\">\n<tbody>\n<tr>\n<td style=\"width: 50%;\"><a href=\"https:\/\/www.youtube.com\/watch?v=tzhu94Z0i_E\">Aide &#8211; Soignant<\/a><\/td>\n<td style=\"width: 50%; height: 23px;\"><a href=\"https:\/\/www.youtube.com\/watch?v=6rL1apz3jfQ&amp;list=PL59i8yPwJRgf6w00Qr2r7K14YWHb7aMH6&amp;index=6\">Ouvrier agricole<\/a><\/td>\n<\/tr>\n<tr style=\"height: 23px;\">\n<td style=\"width: 50%; height: 23px;\"><a href=\"https:\/\/www.youtube.com\/watch?v=QMjoaI6I9wU&amp;list=PL59i8yPwJRgf6w00Qr2r7K14YWHb7aMH6&amp;index=27\">Agent(e) de chamber<\/a><\/td>\n<td style=\"width: 50%; height: 23px;\"><a href=\"https:\/\/www.youtube.com\/watch?v=df13uBKlktw&amp;list=PL59i8yPwJRgf6w00Qr2r7K14YWHb7aMH6&amp;index=16\">Plombier<\/a><\/td>\n<\/tr>\n<tr style=\"height: 23px;\">\n<td style=\"width: 50%; height: 23px;\"><a href=\"https:\/\/www.youtube.com\/watch?v=SCiNKhgohm4&amp;list=PL59i8yPwJRgf6w00Qr2r7K14YWHb7aMH6&amp;index=31\">Camionneur<\/a><\/td>\n<td style=\"width: 50%; height: 24px;\"><a href=\"https:\/\/www.youtube.com\/watch?v=7fWpwyd21X4&amp;list=PL59i8yPwJRgf6w00Qr2r7K14YWHb7aMH6&amp;index=28\">R\u00e9ceptionniste<\/a><\/td>\n<\/tr>\n<tr style=\"height: 24px;\">\n<td style=\"width: 50%; height: 24px;\"><a href=\"https:\/\/www.youtube.com\/watch?v=m-KbdcPc_ro&amp;list=PL59i8yPwJRgf6w00Qr2r7K14YWHb7aMH6&amp;index=3&amp;t=1s\">Charpentier<\/a><\/td>\n<td style=\"width: 50%; height: 23px;\"><a href=\"https:\/\/www.youtube.com\/watch?v=ie47uSEEH7g&amp;list=PL59i8yPwJRgf6w00Qr2r7K14YWHb7aMH6&amp;index=25\">Soudeur \u00e0 baguettes<\/a><\/td>\n<\/tr>\n<tr style=\"height: 23px;\">\n<td style=\"width: 50%; height: 23px;\"><a href=\"https:\/\/www.youtube.com\/watch?v=2JDrroTuXbM&amp;list=PL59i8yPwJRgf6w00Qr2r7K14YWHb7aMH6&amp;index=29\">Cuisinier de ligne<\/a><\/td>\n<td style=\"width: 50%; height: 24px;\"><a href=\"https:\/\/www.youtube.com\/watch?v=OVyrlxkLmmc&amp;list=PL59i8yPwJRgf6w00Qr2r7K14YWHb7aMH6&amp;index=5\">Soudeur en construction<\/a><\/td>\n<\/tr>\n<tr style=\"height: 24px;\">\n<td style=\"width: 50%; height: 24px;\"><a href=\"https:\/\/www.youtube.com\/watch?v=8VuOUIYaIL8&amp;list=PL59i8yPwJRgf6w00Qr2r7K14YWHb7aMH6&amp;index=10\">\u00c9lectricien Industriel<\/a><\/td>\n<td style=\"width: 50%; height: 24px;\"><a href=\"https:\/\/www.youtube.com\/watch?v=5PBZTkjH8lY&amp;list=PL59i8yPwJRgf6w00Qr2r7K14YWHb7aMH6&amp;index=8\">Technicien CVC<\/a><\/td>\n<\/tr>\n<tr style=\"height: 24px;\">\n<td style=\"width: 50%; height: 24px;\"><a href=\"https:\/\/www.youtube.com\/watch?v=gR6DnmzsGXg&amp;list=PL59i8yPwJRgf6w00Qr2r7K14YWHb7aMH6&amp;index=20\">\u00c9lectricien R\u00e9sidentiel<\/a><\/td>\n<td style=\"width: 50%; height: 23px;\"><a href=\"https:\/\/www.youtube.com\/watch?v=Gjx-P7vX7x0&amp;list=PL59i8yPwJRgf6w00Qr2r7K14YWHb7aMH6&amp;index=1\">Technicien en aquaculture<\/a><\/td>\n<\/tr>\n<tr style=\"height: 23px;\">\n<td style=\"width: 50%; height: 23px;\"><a href=\"https:\/\/www.youtube.com\/watch?v=zPj6jCVbNUg&amp;list=PL59i8yPwJRgf6w00Qr2r7K14YWHb7aMH6&amp;index=26\">G\u00e9n\u00e9ticien des Plantes<\/a><\/td>\n<td style=\"width: 50%; height: 24px;\"><a href=\"https:\/\/www.youtube.com\/watch?v=GFG5IbSxzRg&amp;list=PL59i8yPwJRgf6w00Qr2r7K14YWHb7aMH6&amp;index=22\">Technicien en robotique<\/a><\/td>\n<\/tr>\n<tr style=\"height: 24px;\">\n<td style=\"width: 50%; height: 24px;\"><a href=\"https:\/\/www.youtube.com\/watch?v=R6axeB9x6hY&amp;list=PL59i8yPwJRgf6w00Qr2r7K14YWHb7aMH6&amp;index=19\">Infirmi\u00e8re Immatricul\u00e9e<\/a><\/td>\n<td style=\"width: 50%; height: 10px;\"><a href=\"https:\/\/www.youtube.com\/watch?v=e-x9ugICj1w&amp;list=PL59i8yPwJRgf6w00Qr2r7K14YWHb7aMH6&amp;index=30\">Technologiste m\u00e9dical de<\/a><br \/>\nlaboratoire<\/td>\n<\/tr>\n<tr style=\"height: 24px;\">\n<td style=\"width: 50%; height: 10px;\"><a href=\"https:\/\/www.youtube.com\/watch?v=xaCLx2qBrAA&amp;list=PL59i8yPwJRgf6w00Qr2r7K14YWHb7aMH6&amp;index=17\">Ing\u00e9nieur de proc\u00e9d\u00e9s<\/a><\/td>\n<td style=\"width: 50%; height: 24px;\"><a href=\"https:\/\/www.youtube.com\/watch?v=CpkVrgg6krk&amp;list=PL59i8yPwJRgf6w00Qr2r7K14YWHb7aMH6&amp;index=23\">T\u00f4lier<\/a><\/td>\n<\/tr>\n<tr style=\"height: 24px;\">\n<td style=\"width: 50%; height: 24px;\"><a href=\"https:\/\/www.youtube.com\/watch?v=S9PBHiLtQcM&amp;list=PL59i8yPwJRgf6w00Qr2r7K14YWHb7aMH6&amp;index=13\">Ing\u00e9nieur Minier<\/a><\/td>\n<td style=\"width: 50%; height: 24px;\"><a href=\"https:\/\/www.youtube.com\/watch?v=UxM2cvS9zQI&amp;list=PL59i8yPwJRgf6w00Qr2r7K14YWHb7aMH6&amp;index=24\">Travailleur de production d&#8217;acier<\/a><\/td>\n<\/tr>\n<tr style=\"height: 24px;\">\n<td style=\"width: 50%; height: 24px;\"><a href=\"https:\/\/www.youtube.com\/watch?v=wDk3CFQGuco&amp;list=PL59i8yPwJRgf6w00Qr2r7K14YWHb7aMH6&amp;index=9\">L&#8217;op\u00e9rateur de culture hydroponique<\/a><\/td>\n<td style=\"width: 50%; height: 24px;\"><a href=\"https:\/\/www.youtube.com\/watch?v=p3l_t4l0heY&amp;list=PL59i8yPwJRgf6w00Qr2r7K14YWHb7aMH6&amp;index=15\">Tuyauteur<\/a><\/td>\n<\/tr>\n<tr style=\"height: 24px;\">\n<td style=\"width: 50%; height: 24px;\"><a href=\"https:\/\/www.youtube.com\/watch?v=emejcQmoDdU&amp;list=PL59i8yPwJRgf6w00Qr2r7K14YWHb7aMH6&amp;index=11\">Machiniste Manuel<\/a><\/td>\n<td style=\"width: 50%; height: 24px;\"><\/td>\n<\/tr>\n<tr style=\"height: 24px;\">\n<td style=\"width: 50%; height: 24px;\"><a href=\"https:\/\/www.youtube.com\/watch?v=fBs0SKQHDbA&amp;list=PL59i8yPwJRgf6w00Qr2r7K14YWHb7aMH6&amp;index=12\">M\u00e9canicien de chantier<\/a><\/td>\n<td style=\"width: 50%; height: 24px;\"><\/td>\n<\/tr>\n<tr style=\"height: 24px;\">\n<td style=\"width: 50%; height: 24px;\"><a href=\"https:\/\/www.youtube.com\/watch?v=h-Wm4hwlwu0&amp;list=PL59i8yPwJRgf6w00Qr2r7K14YWHb7aMH6&amp;index=2\">M\u00e9canicien automobiles<\/a><\/td>\n<td style=\"width: 50%; height: 24px;\"><\/td>\n<\/tr>\n<tr style=\"height: 24px;\">\n<td style=\"width: 50%; height: 24px;\"><a href=\"https:\/\/www.youtube.com\/watch?v=Y2-c7D2yKOE&amp;list=PL59i8yPwJRgf6w00Qr2r7K14YWHb7aMH6&amp;index=4\">Op\u00e9rateur CNC<\/a><\/td>\n<td style=\"width: 50%; height: 24px;\"><\/td>\n<\/tr>\n<tr style=\"height: 24px;\">\n<td style=\"width: 50%; height: 24px;\"><a href=\"https:\/\/www.youtube.com\/watch?v=HOkBdRmasQQ&amp;list=PL59i8yPwJRgf6w00Qr2r7K14YWHb7aMH6&amp;index=14\">Op\u00e9rateur de machines mini\u00e8res<\/a><\/td>\n<td style=\"width: 50%; height: 24px;\"><\/td>\n<\/tr>\n<tr style=\"height: 24px;\">\n<td style=\"width: 50%; height: 24px;\"><a href=\"https:\/\/www.youtube.com\/watch?v=LP1OH8gzwgM&amp;list=PL59i8yPwJRgf6w00Qr2r7K14YWHb7aMH6&amp;index=7\">Op\u00e9rateur d&#8217;\u00e9quipement lourd<\/a><\/td>\n<td style=\"width: 50%; height: 24px;\"><\/td>\n<\/tr>\n<tr style=\"height: 24px;\">\n<td style=\"width: 50%; height: 24px;\"><a href=\"https:\/\/www.youtube.com\/watch?v=FolOaes8neg&amp;list=PL59i8yPwJRgf6w00Qr2r7K14YWHb7aMH6&amp;index=21\">Op\u00e9rateur en soudage robotique<\/a><\/td>\n<td style=\"width: 50%; height: 24px;\"><\/td>\n<\/tr>\n<\/tbody>\n<\/table>\n<p>Si vous souhaitez essayer l&#8217;une des simulations mentionn\u00e9es ci-dessus, veuillez nous contacter pour prendre rendez-vous au 204-712-3200 ou par courriel \u00e0 cerc@cerc-mb.ca.<\/p>\n","protected":false},"excerpt":{"rendered":"<p>&nbsp; Souhaitez-vous avoir la possibilit\u00e9 d&#8217;explorer une carri\u00e8re avant de la poursuivre ? Gr\u00e2ce \u00e0 un partenariat avec CareerLabsVR, nous offrons diff\u00e9rentes simulations en r\u00e9alit\u00e9 virtuelle : Cliquez sur l&#8217;une des simulations pour voir une d\u00e9monstration pour chaque simulation ! &nbsp; Aide &#8211; Soignant Ouvrier agricole Agent(e) de chamber Plombier Camionneur R\u00e9ceptionniste Charpentier Soudeur \u00e0 baguettes Cuisinier de ligne Soudeur en construction \u00c9lectricien Industriel Technicien CVC \u00c9lectricien R\u00e9sidentiel Technicien en aquaculture G\u00e9n\u00e9ticien des Plantes Technicien en robotique Infirmi\u00e8re Immatricul\u00e9e Technologiste m\u00e9dical de laboratoire Ing\u00e9nieur de proc\u00e9d\u00e9s T\u00f4lier Ing\u00e9nieur Minier Travailleur de production d&#8217;acier L&#8217;op\u00e9rateur de culture hydroponique Tuyauteur Machiniste Manuel M\u00e9canicien de chantier M\u00e9canicien automobiles Op\u00e9rateur CNC Op\u00e9rateur de machines mini\u00e8res Op\u00e9rateur d&#8217;\u00e9quipement lourd Op\u00e9rateur en soudage robotique Si vous souhaitez essayer l&#8217;une des simulations mentionn\u00e9es ci-dessus, veuillez nous contacter pour prendre rendez-vous au 204-712-3200 ou par courriel \u00e0 cerc@cerc-mb.ca.<\/p>\n","protected":false},"author":4,"featured_media":0,"parent":1681,"menu_order":0,"comment_status":"closed","ping_status":"closed","template":"","meta":{"footnotes":""},"class_list":["post-3572","page","type-page","status-publish","hentry"],"yoast_head":"<!-- This site is optimized with the Yoast SEO plugin v27.4 - https:\/\/yoast.com\/product\/yoast-seo-wordpress\/ -->\n<title>Orientation de Carri\u00e8re - CERC<\/title>\n<meta name=\"robots\" content=\"index, follow, max-snippet:-1, max-image-preview:large, max-video-preview:-1\" \/>\n<link rel=\"canonical\" href=\"https:\/\/cerc-mb.ca\/fr\/chercheurs-demploi\/orientation-de-carriere\/\" \/>\n<meta property=\"og:locale\" content=\"fr_FR\" \/>\n<meta property=\"og:type\" content=\"article\" \/>\n<meta property=\"og:title\" content=\"Orientation de Carri\u00e8re - CERC\" \/>\n<meta property=\"og:description\" content=\"&nbsp; Souhaitez-vous avoir la possibilit\u00e9 d&#8217;explorer une carri\u00e8re avant de la poursuivre ? Gr\u00e2ce \u00e0 un partenariat avec CareerLabsVR, nous offrons diff\u00e9rentes simulations en r\u00e9alit\u00e9 virtuelle : Cliquez sur l&#8217;une des simulations pour voir une d\u00e9monstration pour chaque simulation ! &nbsp; Aide &#8211; Soignant Ouvrier agricole Agent(e) de chamber Plombier Camionneur R\u00e9ceptionniste Charpentier Soudeur \u00e0 baguettes Cuisinier de ligne Soudeur en construction \u00c9lectricien Industriel Technicien CVC \u00c9lectricien R\u00e9sidentiel Technicien en aquaculture G\u00e9n\u00e9ticien des Plantes Technicien en robotique Infirmi\u00e8re Immatricul\u00e9e Technologiste m\u00e9dical de laboratoire Ing\u00e9nieur de proc\u00e9d\u00e9s T\u00f4lier Ing\u00e9nieur Minier Travailleur de production d&#8217;acier L&#8217;op\u00e9rateur de culture hydroponique Tuyauteur Machiniste Manuel M\u00e9canicien de chantier M\u00e9canicien automobiles Op\u00e9rateur CNC Op\u00e9rateur de machines mini\u00e8res Op\u00e9rateur d&#8217;\u00e9quipement lourd Op\u00e9rateur en soudage robotique Si vous souhaitez essayer l&#8217;une des simulations mentionn\u00e9es ci-dessus, veuillez nous contacter pour prendre rendez-vous au 204-712-3200 ou par courriel \u00e0 cerc@cerc-mb.ca.\" \/>\n<meta property=\"og:url\" content=\"https:\/\/cerc-mb.ca\/fr\/chercheurs-demploi\/orientation-de-carriere\/\" \/>\n<meta property=\"og:site_name\" content=\"CERC\" \/>\n<meta property=\"article:modified_time\" content=\"2024-08-07T19:03:53+00:00\" \/>\n<meta property=\"og:image\" content=\"https:\/\/cerc-mb.ca\/wp-content\/uploads\/2022\/11\/career-labs-logo-h.png\" \/>\n<meta name=\"twitter:card\" content=\"summary_large_image\" \/>\n<meta name=\"twitter:label1\" content=\"Dur\u00e9e de lecture estim\u00e9e\" \/>\n\t<meta name=\"twitter:data1\" content=\"1 minute\" \/>\n<script type=\"application\/ld+json\" class=\"yoast-schema-graph\">{\"@context\":\"https:\\\/\\\/schema.org\",\"@graph\":[{\"@type\":\"WebPage\",\"@id\":\"https:\\\/\\\/cerc-mb.ca\\\/fr\\\/chercheurs-demploi\\\/orientation-de-carriere\\\/\",\"url\":\"https:\\\/\\\/cerc-mb.ca\\\/fr\\\/chercheurs-demploi\\\/orientation-de-carriere\\\/\",\"name\":\"Orientation de Carri\u00e8re - CERC\",\"isPartOf\":{\"@id\":\"https:\\\/\\\/cerc-mb.ca\\\/en\\\/#website\"},\"datePublished\":\"2022-11-25T21:27:11+00:00\",\"dateModified\":\"2024-08-07T19:03:53+00:00\",\"breadcrumb\":{\"@id\":\"https:\\\/\\\/cerc-mb.ca\\\/fr\\\/chercheurs-demploi\\\/orientation-de-carriere\\\/#breadcrumb\"},\"inLanguage\":\"fr-FR\",\"potentialAction\":[{\"@type\":\"ReadAction\",\"target\":[\"https:\\\/\\\/cerc-mb.ca\\\/fr\\\/chercheurs-demploi\\\/orientation-de-carriere\\\/\"]}]},{\"@type\":\"BreadcrumbList\",\"@id\":\"https:\\\/\\\/cerc-mb.ca\\\/fr\\\/chercheurs-demploi\\\/orientation-de-carriere\\\/#breadcrumb\",\"itemListElement\":[{\"@type\":\"ListItem\",\"position\":1,\"name\":\"Home\",\"item\":\"https:\\\/\\\/cerc-mb.ca\\\/fr\\\/\"},{\"@type\":\"ListItem\",\"position\":2,\"name\":\"Chercheurs-D\u2019Emploi\",\"item\":\"https:\\\/\\\/cerc-mb.ca\\\/fr\\\/chercheurs-demploi\\\/\"},{\"@type\":\"ListItem\",\"position\":3,\"name\":\"Orientation de Carri\u00e8re\"}]},{\"@type\":\"WebSite\",\"@id\":\"https:\\\/\\\/cerc-mb.ca\\\/en\\\/#website\",\"url\":\"https:\\\/\\\/cerc-mb.ca\\\/en\\\/\",\"name\":\"CERC\",\"description\":\"\",\"potentialAction\":[{\"@type\":\"SearchAction\",\"target\":{\"@type\":\"EntryPoint\",\"urlTemplate\":\"https:\\\/\\\/cerc-mb.ca\\\/en\\\/?s={search_term_string}\"},\"query-input\":{\"@type\":\"PropertyValueSpecification\",\"valueRequired\":true,\"valueName\":\"search_term_string\"}}],\"inLanguage\":\"fr-FR\"}]}<\/script>\n<!-- \/ Yoast SEO plugin. -->","yoast_head_json":{"title":"Orientation de Carri\u00e8re - CERC","robots":{"index":"index","follow":"follow","max-snippet":"max-snippet:-1","max-image-preview":"max-image-preview:large","max-video-preview":"max-video-preview:-1"},"canonical":"https:\/\/cerc-mb.ca\/fr\/chercheurs-demploi\/orientation-de-carriere\/","og_locale":"fr_FR","og_type":"article","og_title":"Orientation de Carri\u00e8re - CERC","og_description":"&nbsp; Souhaitez-vous avoir la possibilit\u00e9 d&#8217;explorer une carri\u00e8re avant de la poursuivre ? Gr\u00e2ce \u00e0 un partenariat avec CareerLabsVR, nous offrons diff\u00e9rentes simulations en r\u00e9alit\u00e9 virtuelle : Cliquez sur l&#8217;une des simulations pour voir une d\u00e9monstration pour chaque simulation ! &nbsp; Aide &#8211; Soignant Ouvrier agricole Agent(e) de chamber Plombier Camionneur R\u00e9ceptionniste Charpentier Soudeur \u00e0 baguettes Cuisinier de ligne Soudeur en construction \u00c9lectricien Industriel Technicien CVC \u00c9lectricien R\u00e9sidentiel Technicien en aquaculture G\u00e9n\u00e9ticien des Plantes Technicien en robotique Infirmi\u00e8re Immatricul\u00e9e Technologiste m\u00e9dical de laboratoire Ing\u00e9nieur de proc\u00e9d\u00e9s T\u00f4lier Ing\u00e9nieur Minier Travailleur de production d&#8217;acier L&#8217;op\u00e9rateur de culture hydroponique Tuyauteur Machiniste Manuel M\u00e9canicien de chantier M\u00e9canicien automobiles Op\u00e9rateur CNC Op\u00e9rateur de machines mini\u00e8res Op\u00e9rateur d&#8217;\u00e9quipement lourd Op\u00e9rateur en soudage robotique Si vous souhaitez essayer l&#8217;une des simulations mentionn\u00e9es ci-dessus, veuillez nous contacter pour prendre rendez-vous au 204-712-3200 ou par courriel \u00e0 cerc@cerc-mb.ca.","og_url":"https:\/\/cerc-mb.ca\/fr\/chercheurs-demploi\/orientation-de-carriere\/","og_site_name":"CERC","article_modified_time":"2024-08-07T19:03:53+00:00","og_image":[{"url":"https:\/\/cerc-mb.ca\/wp-content\/uploads\/2022\/11\/career-labs-logo-h.png","type":"","width":"","height":""}],"twitter_card":"summary_large_image","twitter_misc":{"Dur\u00e9e de lecture estim\u00e9e":"1 minute"},"schema":{"@context":"https:\/\/schema.org","@graph":[{"@type":"WebPage","@id":"https:\/\/cerc-mb.ca\/fr\/chercheurs-demploi\/orientation-de-carriere\/","url":"https:\/\/cerc-mb.ca\/fr\/chercheurs-demploi\/orientation-de-carriere\/","name":"Orientation de Carri\u00e8re - CERC","isPartOf":{"@id":"https:\/\/cerc-mb.ca\/en\/#website"},"datePublished":"2022-11-25T21:27:11+00:00","dateModified":"2024-08-07T19:03:53+00:00","breadcrumb":{"@id":"https:\/\/cerc-mb.ca\/fr\/chercheurs-demploi\/orientation-de-carriere\/#breadcrumb"},"inLanguage":"fr-FR","potentialAction":[{"@type":"ReadAction","target":["https:\/\/cerc-mb.ca\/fr\/chercheurs-demploi\/orientation-de-carriere\/"]}]},{"@type":"BreadcrumbList","@id":"https:\/\/cerc-mb.ca\/fr\/chercheurs-demploi\/orientation-de-carriere\/#breadcrumb","itemListElement":[{"@type":"ListItem","position":1,"name":"Home","item":"https:\/\/cerc-mb.ca\/fr\/"},{"@type":"ListItem","position":2,"name":"Chercheurs-D\u2019Emploi","item":"https:\/\/cerc-mb.ca\/fr\/chercheurs-demploi\/"},{"@type":"ListItem","position":3,"name":"Orientation de Carri\u00e8re"}]},{"@type":"WebSite","@id":"https:\/\/cerc-mb.ca\/en\/#website","url":"https:\/\/cerc-mb.ca\/en\/","name":"CERC","description":"","potentialAction":[{"@type":"SearchAction","target":{"@type":"EntryPoint","urlTemplate":"https:\/\/cerc-mb.ca\/en\/?s={search_term_string}"},"query-input":{"@type":"PropertyValueSpecification","valueRequired":true,"valueName":"search_term_string"}}],"inLanguage":"fr-FR"}]}},"publishpress_future_workflow_manual_trigger":{"enabledWorkflows":[]},"_links":{"self":[{"href":"https:\/\/cerc-mb.ca\/fr\/wp-json\/wp\/v2\/pages\/3572","targetHints":{"allow":["GET"]}}],"collection":[{"href":"https:\/\/cerc-mb.ca\/fr\/wp-json\/wp\/v2\/pages"}],"about":[{"href":"https:\/\/cerc-mb.ca\/fr\/wp-json\/wp\/v2\/types\/page"}],"author":[{"embeddable":true,"href":"https:\/\/cerc-mb.ca\/fr\/wp-json\/wp\/v2\/users\/4"}],"replies":[{"embeddable":true,"href":"https:\/\/cerc-mb.ca\/fr\/wp-json\/wp\/v2\/comments?post=3572"}],"version-history":[{"count":7,"href":"https:\/\/cerc-mb.ca\/fr\/wp-json\/wp\/v2\/pages\/3572\/revisions"}],"predecessor-version":[{"id":4037,"href":"https:\/\/cerc-mb.ca\/fr\/wp-json\/wp\/v2\/pages\/3572\/revisions\/4037"}],"up":[{"embeddable":true,"href":"https:\/\/cerc-mb.ca\/fr\/wp-json\/wp\/v2\/pages\/1681"}],"wp:attachment":[{"href":"https:\/\/cerc-mb.ca\/fr\/wp-json\/wp\/v2\/media?parent=3572"}],"curies":[{"name":"wp","href":"https:\/\/api.w.org\/{rel}","templated":true}]}}