{"id":1952,"date":"2020-09-02T20:12:29","date_gmt":"2020-09-02T20:12:29","guid":{"rendered":"https:\/\/cerc-mb.ca\/?page_id=1952"},"modified":"2021-09-02T14:39:57","modified_gmt":"2021-09-02T14:39:57","slug":"babillard-demploi","status":"publish","type":"page","link":"https:\/\/cerc-mb.ca\/fr\/chercheurs-demploi\/babillard-demploi\/","title":{"rendered":"Babillard d&#8217;emploi"},"content":{"rendered":"<div class=\"wpb-content-wrapper\"><p>[vc_row][vc_column][vc_column_text]<div class=\"sjb-page\">\r\n<!-- Start: Jobs Listing Wrapper -->\r\n\r\n\r\n<!-- Start Job Filters\r\n================================================== -->\r\n<div class=\"sjb-filters sjb-filters-v2\">\r\n        <form class=\"filters-form\" action=\"https:\/\/cerc-mb.ca\/fr\/chercheurs-demploi\/babillard-demploi\/\" method=\"get\">\r\n        <div class=\"row\">\r\n            \r\n    <!-- Keywords Search-->    \r\n    <div class=\"sjb-search-keywords col-md-12 col-xs-12\">\r\n        <div class=\"form-group\">\r\n                        <label class=\"sr-only\" for=\"keywords\">Mots-cl\u00e9s<\/label>\r\n            <input type=\"text\" class=\"form-control\" value=\"\" placeholder=\"Mots-cl\u00e9s\" id=\"keywords\" name=\"search_keywords\">\r\n        <\/div>\r\n    <\/div>\r\n    \r\n    <!-- Category Filter-->\r\n            <div class=\"sjb-search-categories col-md-3 col-xs-12\">\r\n            <div class=\"form-group\">\r\n                <select name='selected_category' id='category' class='form-control'>\n\t<option value='-1'>Cat\u00e9gorie<\/option>\n\t<option class=\"level-0\" value=\"administratif\">Administratif<\/option>\n\t<option class=\"level-0\" value=\"communication\">Communication<\/option>\n\t<option class=\"level-0\" value=\"education-2\">\u00c9ducation<\/option>\n\t<option class=\"level-0\" value=\"etudiante\">\u00c9tudiant(e)<\/option>\n\t<option class=\"level-0\" value=\"fabrication\">Fabrication<\/option>\n\t<option class=\"level-0\" value=\"finance-2\">Finance<\/option>\n\t<option class=\"level-0\" value=\"finance-fr\">Finance<\/option>\n\t<option class=\"level-0\" value=\"hospitalite\">hospitalit\u00e9<\/option>\n\t<option class=\"level-0\" value=\"labour-fr\">Labour<\/option>\n\t<option class=\"level-0\" value=\"main-doeuvre\">Main-d&#8217;\u0153uvre<\/option>\n\t<option class=\"level-0\" value=\"marketing-2\">Marketing<\/option>\n\t<option class=\"level-0\" value=\"metiers-specialises\">M\u00e9tiers sp\u00e9cialis\u00e9s<\/option>\n\t<option class=\"level-0\" value=\"niveau-dentree\">Niveau d&#8217;entr\u00e9e<\/option>\n\t<option class=\"level-0\" value=\"professionnel\">Professionnel<\/option>\n\t<option class=\"level-0\" value=\"recreation-et-sport\">R\u00e9cr\u00e9ation et sport<\/option>\n\t<option class=\"level-0\" value=\"ressources-humaine\">Ressources Humaine<\/option>\n\t<option class=\"level-0\" value=\"service-a-la-clientele\">Service \u00e0 la client\u00e8le<\/option>\n\t<option class=\"level-0\" value=\"service-de-garde\">Service de garde<\/option>\n\t<option class=\"level-0\" value=\"soins-de-sante\">Soins de sant\u00e9<\/option>\n\t<option class=\"level-0\" value=\"technologie\">Technologie<\/option>\n\t<option class=\"level-0\" value=\"transport-2\">Transport<\/option>\n\t<option class=\"level-0\" value=\"vente\">Vente<\/option>\n\t<option class=\"level-0\" value=\"vente-au-detail\">Vente au d\u00e9tail<\/option>\n<\/select>\n            <\/div>\r\n        <\/div>\r\n    \r\n     \r\n\r\n    <!-- Job Type Filter -->\r\n    <div class=\"sjb-search-job-type col-md-3 col-xs-12\">\r\n        <div class=\"form-group\">\r\n            <select name='selected_jobtype' id='jobtype' class='form-control'>\n\t<option value='-1'>Type d&#039;emploi<\/option>\n\t<option class=\"level-0\" value=\"diverses-villes-dans-le-quartier-de-la-verendrye\">Diverses villes dans le quartier de La Verendrye<\/option>\n\t<option class=\"level-0\" value=\"fin-de-semaine\">Fin de semaine<\/option>\n\t<option class=\"level-0\" value=\"full-time-fr\">Full time<\/option>\n\t<option class=\"level-0\" value=\"occasionnel\">Occasionnel<\/option>\n\t<option class=\"level-0\" value=\"par-heure\">Par heure<\/option>\n\t<option class=\"level-0\" value=\"periode-determinee\">P\u00e9riode d\u00e9termin\u00e9e<\/option>\n\t<option class=\"level-0\" value=\"permanent-2\">Permanent<\/option>\n\t<option class=\"level-0\" value=\"saisonnier\">Saisonnier<\/option>\n\t<option class=\"level-0\" value=\"soirs\">Soirs<\/option>\n\t<option class=\"level-0\" value=\"steinbach\">Steinbach<\/option>\n\t<option class=\"level-0\" value=\"temps-partiel\">temps partiel<\/option>\n\t<option class=\"level-0\" value=\"temps-plein\">temps plein<\/option>\n<\/select>\n        <\/div>\r\n    <\/div>\r\n    \r\n    <!-- Job Location Filter-->\r\n    <div class=\"sjb-search-location col-md-3 col-xs-12\">\r\n        <div class=\"form-group\">\r\n            <select name='selected_location' id='location' class='form-control'>\n\t<option value='-1'>Lieu<\/option>\n\t<option class=\"level-0\" value=\"arborg-2\">Arborg<\/option>\n\t<option class=\"level-0\" value=\"blumenort-2\">Blumenort<\/option>\n\t<option class=\"level-0\" value=\"diverses-villes-dans-le-quartier-de-la-verendrye\">Diverses villes dans le quartier de La Verendrye<\/option>\n\t<option class=\"level-0\" value=\"grunthal-2\">Grunthal<\/option>\n\t<option class=\"level-0\" value=\"ile-des-chenes\">Ile des ch\u00eanes<\/option>\n\t<option class=\"level-0\" value=\"kleefeld\">Kleefeld<\/option>\n\t<option class=\"level-0\" value=\"landmark-2\">Landmark<\/option>\n\t<option class=\"level-0\" value=\"mitchell-2\">Mitchell<\/option>\n\t<option class=\"level-0\" value=\"morris-2\">Morris<\/option>\n\t<option class=\"level-0\" value=\"niverville-2\">Niverville<\/option>\n\t<option class=\"level-0\" value=\"saint-jean-baptiste\">Saint-Jean-Baptiste<\/option>\n\t<option class=\"level-0\" value=\"sainte-anne\">Sainte-Anne<\/option>\n\t<option class=\"level-0\" value=\"st-norbert-fr\">St Norbert<\/option>\n\t<option class=\"level-0\" value=\"st-pierre-jolys-2\">St-Pierre-Jolys<\/option>\n\t<option class=\"level-0\" value=\"st-pierre-jolys-fr\">St-Pierre-Jolys<\/option>\n\t<option class=\"level-0\" value=\"st-malo-2\">St. Malo<\/option>\n\t<option class=\"level-0\" value=\"steinbach-2\">Steinbach<\/option>\n\t<option class=\"level-0\" value=\"steinbach-fr\">Steinbach<\/option>\n\t<option class=\"level-0\" value=\"travail-a-domicile\">Travail \u00e0 domicile<\/option>\n\t<option class=\"level-0\" value=\"winnipeg-2\">Winnipeg<\/option>\n<\/select>\n        <\/div>\r\n    <\/div>\r\n    <div class=\"sjb-search-button col-md-3 col-xs-12\"><input class=\"btn-search btn btn-primary\" value=\"&#xf002;\" type=\"submit\"><\/div>        <\/div>\r\n    <\/form>\r\n<\/div>\r\n<!-- ==================================================\r\nEnd Job Filters -->\r\n\r\n\r\n<div class=\"sjb-listing\">\r\n        <!-- start Jobs Listing: List View -->\r\n    <div class=\"list-view\">\r\n        \r\n    <div class=\"no-job-listing\"><img decoding=\"async\" src=\"https:\/\/cerc-mb.ca\/wp-content\/plugins\/simple-job-board\/public\/images\/not-found.png\" alt=\"Aucun emploi trouv\u00e9.\" id=\"sjb-not-found-v2\"\/><p class=\"no-job-listing-text\">Aucun emploi trouv\u00e9.<\/p><\/div>\r\n    <\/div> <!-- end Jobs Listing: List View -->\r\n<\/div>\r\n<!-- End: Jobs Listing -->\r\n\r\n<div class=\"clearfix\"><\/div>\r\n<\/div>\r\n<!-- End: Jobs Listing Wrapper -->\r\n\r\n ][\/vc_column_text][\/vc_column][\/vc_row]<\/p>\n<\/div>","protected":false},"excerpt":{"rendered":"<p>[vc_row][vc_column][vc_column_text] ][\/vc_column_text][\/vc_column][\/vc_row]<\/p>\n","protected":false},"author":4,"featured_media":0,"parent":1681,"menu_order":0,"comment_status":"closed","ping_status":"closed","template":"","meta":{"footnotes":""},"class_list":["post-1952","page","type-page","status-publish","hentry"],"yoast_head":"<!-- This site is optimized with the Yoast SEO plugin v27.5 - https:\/\/yoast.com\/product\/yoast-seo-wordpress\/ -->\n<title>Babillard d&#039;emploi - CERC<\/title>\n<meta name=\"robots\" content=\"index, follow, max-snippet:-1, max-image-preview:large, max-video-preview:-1\" \/>\n<link rel=\"canonical\" href=\"https:\/\/cerc-mb.ca\/fr\/chercheurs-demploi\/babillard-demploi\/\" \/>\n<meta property=\"og:locale\" content=\"fr_FR\" \/>\n<meta property=\"og:type\" content=\"article\" \/>\n<meta property=\"og:title\" content=\"Babillard d&#039;emploi - CERC\" \/>\n<meta property=\"og:description\" content=\"[vc_row][vc_column][vc_column_text] ][\/vc_column_text][\/vc_column][\/vc_row]\" \/>\n<meta property=\"og:url\" content=\"https:\/\/cerc-mb.ca\/fr\/chercheurs-demploi\/babillard-demploi\/\" \/>\n<meta property=\"og:site_name\" content=\"CERC\" \/>\n<meta property=\"article:modified_time\" content=\"2021-09-02T14:39:57+00:00\" \/>\n<meta name=\"twitter:card\" content=\"summary_large_image\" \/>\n<meta name=\"twitter:label1\" content=\"Dur\u00e9e de lecture estim\u00e9e\" \/>\n\t<meta name=\"twitter:data1\" content=\"1 minute\" \/>\n<script type=\"application\/ld+json\" class=\"yoast-schema-graph\">{\"@context\":\"https:\\\/\\\/schema.org\",\"@graph\":[{\"@type\":\"WebPage\",\"@id\":\"https:\\\/\\\/cerc-mb.ca\\\/fr\\\/chercheurs-demploi\\\/babillard-demploi\\\/\",\"url\":\"https:\\\/\\\/cerc-mb.ca\\\/fr\\\/chercheurs-demploi\\\/babillard-demploi\\\/\",\"name\":\"Babillard d'emploi - CERC\",\"isPartOf\":{\"@id\":\"https:\\\/\\\/cerc-mb.ca\\\/en\\\/#website\"},\"datePublished\":\"2020-09-02T20:12:29+00:00\",\"dateModified\":\"2021-09-02T14:39:57+00:00\",\"breadcrumb\":{\"@id\":\"https:\\\/\\\/cerc-mb.ca\\\/fr\\\/chercheurs-demploi\\\/babillard-demploi\\\/#breadcrumb\"},\"inLanguage\":\"fr-FR\",\"potentialAction\":[{\"@type\":\"ReadAction\",\"target\":[\"https:\\\/\\\/cerc-mb.ca\\\/fr\\\/chercheurs-demploi\\\/babillard-demploi\\\/\"]}]},{\"@type\":\"BreadcrumbList\",\"@id\":\"https:\\\/\\\/cerc-mb.ca\\\/fr\\\/chercheurs-demploi\\\/babillard-demploi\\\/#breadcrumb\",\"itemListElement\":[{\"@type\":\"ListItem\",\"position\":1,\"name\":\"Home\",\"item\":\"https:\\\/\\\/cerc-mb.ca\\\/fr\\\/\"},{\"@type\":\"ListItem\",\"position\":2,\"name\":\"Chercheurs-D\u2019Emploi\",\"item\":\"https:\\\/\\\/cerc-mb.ca\\\/fr\\\/chercheurs-demploi\\\/\"},{\"@type\":\"ListItem\",\"position\":3,\"name\":\"Babillard d&#8217;emploi\"}]},{\"@type\":\"WebSite\",\"@id\":\"https:\\\/\\\/cerc-mb.ca\\\/en\\\/#website\",\"url\":\"https:\\\/\\\/cerc-mb.ca\\\/en\\\/\",\"name\":\"CERC\",\"description\":\"\",\"potentialAction\":[{\"@type\":\"SearchAction\",\"target\":{\"@type\":\"EntryPoint\",\"urlTemplate\":\"https:\\\/\\\/cerc-mb.ca\\\/en\\\/?s={search_term_string}\"},\"query-input\":{\"@type\":\"PropertyValueSpecification\",\"valueRequired\":true,\"valueName\":\"search_term_string\"}}],\"inLanguage\":\"fr-FR\"}]}<\/script>\n<!-- \/ Yoast SEO plugin. -->","yoast_head_json":{"title":"Babillard d'emploi - CERC","robots":{"index":"index","follow":"follow","max-snippet":"max-snippet:-1","max-image-preview":"max-image-preview:large","max-video-preview":"max-video-preview:-1"},"canonical":"https:\/\/cerc-mb.ca\/fr\/chercheurs-demploi\/babillard-demploi\/","og_locale":"fr_FR","og_type":"article","og_title":"Babillard d'emploi - CERC","og_description":"[vc_row][vc_column][vc_column_text] ][\/vc_column_text][\/vc_column][\/vc_row]","og_url":"https:\/\/cerc-mb.ca\/fr\/chercheurs-demploi\/babillard-demploi\/","og_site_name":"CERC","article_modified_time":"2021-09-02T14:39:57+00:00","twitter_card":"summary_large_image","twitter_misc":{"Dur\u00e9e de lecture estim\u00e9e":"1 minute"},"schema":{"@context":"https:\/\/schema.org","@graph":[{"@type":"WebPage","@id":"https:\/\/cerc-mb.ca\/fr\/chercheurs-demploi\/babillard-demploi\/","url":"https:\/\/cerc-mb.ca\/fr\/chercheurs-demploi\/babillard-demploi\/","name":"Babillard d'emploi - CERC","isPartOf":{"@id":"https:\/\/cerc-mb.ca\/en\/#website"},"datePublished":"2020-09-02T20:12:29+00:00","dateModified":"2021-09-02T14:39:57+00:00","breadcrumb":{"@id":"https:\/\/cerc-mb.ca\/fr\/chercheurs-demploi\/babillard-demploi\/#breadcrumb"},"inLanguage":"fr-FR","potentialAction":[{"@type":"ReadAction","target":["https:\/\/cerc-mb.ca\/fr\/chercheurs-demploi\/babillard-demploi\/"]}]},{"@type":"BreadcrumbList","@id":"https:\/\/cerc-mb.ca\/fr\/chercheurs-demploi\/babillard-demploi\/#breadcrumb","itemListElement":[{"@type":"ListItem","position":1,"name":"Home","item":"https:\/\/cerc-mb.ca\/fr\/"},{"@type":"ListItem","position":2,"name":"Chercheurs-D\u2019Emploi","item":"https:\/\/cerc-mb.ca\/fr\/chercheurs-demploi\/"},{"@type":"ListItem","position":3,"name":"Babillard d&#8217;emploi"}]},{"@type":"WebSite","@id":"https:\/\/cerc-mb.ca\/en\/#website","url":"https:\/\/cerc-mb.ca\/en\/","name":"CERC","description":"","potentialAction":[{"@type":"SearchAction","target":{"@type":"EntryPoint","urlTemplate":"https:\/\/cerc-mb.ca\/en\/?s={search_term_string}"},"query-input":{"@type":"PropertyValueSpecification","valueRequired":true,"valueName":"search_term_string"}}],"inLanguage":"fr-FR"}]}},"publishpress_future_workflow_manual_trigger":{"enabledWorkflows":[]},"_links":{"self":[{"href":"https:\/\/cerc-mb.ca\/fr\/wp-json\/wp\/v2\/pages\/1952","targetHints":{"allow":["GET"]}}],"collection":[{"href":"https:\/\/cerc-mb.ca\/fr\/wp-json\/wp\/v2\/pages"}],"about":[{"href":"https:\/\/cerc-mb.ca\/fr\/wp-json\/wp\/v2\/types\/page"}],"author":[{"embeddable":true,"href":"https:\/\/cerc-mb.ca\/fr\/wp-json\/wp\/v2\/users\/4"}],"replies":[{"embeddable":true,"href":"https:\/\/cerc-mb.ca\/fr\/wp-json\/wp\/v2\/comments?post=1952"}],"version-history":[{"count":54,"href":"https:\/\/cerc-mb.ca\/fr\/wp-json\/wp\/v2\/pages\/1952\/revisions"}],"predecessor-version":[{"id":2894,"href":"https:\/\/cerc-mb.ca\/fr\/wp-json\/wp\/v2\/pages\/1952\/revisions\/2894"}],"up":[{"embeddable":true,"href":"https:\/\/cerc-mb.ca\/fr\/wp-json\/wp\/v2\/pages\/1681"}],"wp:attachment":[{"href":"https:\/\/cerc-mb.ca\/fr\/wp-json\/wp\/v2\/media?parent=1952"}],"curies":[{"name":"wp","href":"https:\/\/api.w.org\/{rel}","templated":true}]}}