{"id":1929,"date":"2020-08-31T19:40:29","date_gmt":"2020-08-31T19:40:29","guid":{"rendered":"https:\/\/cerc-mb.ca\/?page_id=1929"},"modified":"2021-09-02T18:29:28","modified_gmt":"2021-09-02T18:29:28","slug":"publier-une-annonce-demploi","status":"publish","type":"page","link":"https:\/\/cerc-mb.ca\/fr\/employeurs\/publier-une-annonce-demploi\/","title":{"rendered":"Publier une annonce d&#8217;emploi"},"content":{"rendered":"<p>Remplissez ce formulaire pour que nous puissions publier votre offre d&#8217;emploi.<\/p>\n<div class=\"frm_forms  with_frm_style frm_style_formidable-style\" id=\"frm_form_3_container\" data-token=\"aba31b823c14b3cdb1112d6226a437e5\">\n<form enctype=\"multipart\/form-data\" method=\"post\" class=\"frm-show-form \" id=\"form_formulairedemploipourlemployeur\" data-token=\"aba31b823c14b3cdb1112d6226a437e5\">\n<div class=\"frm_form_fields \">\n<fieldset>\n<legend class=\"frm_screen_reader\">Formulaire d'emploi pour l'employeur<\/legend>\r\n\r\n<div class=\"frm_fields_container\">\n<input type=\"hidden\" name=\"frm_action\" value=\"create\" \/>\n<input type=\"hidden\" name=\"form_id\" value=\"3\" \/>\n<input type=\"hidden\" name=\"frm_hide_fields_3\" id=\"frm_hide_fields_3\" value=\"\" \/>\n<input type=\"hidden\" name=\"form_key\" value=\"formulairedemploipourlemployeur\" \/>\n<input type=\"hidden\" name=\"item_meta[0]\" value=\"\" \/>\n<input type=\"hidden\" id=\"frm_submit_entry_3\" name=\"frm_submit_entry_3\" value=\"eafa6a9053\" \/><input type=\"hidden\" name=\"_wp_http_referer\" value=\"\/fr\/wp-json\/wp\/v2\/pages\/1929\" \/><div id=\"frm_field_22_container\" class=\"frm_form_field form-field  frm_top_container\">\r\n    <label for=\"field_34p0f\" id=\"field_34p0f_label\" class=\"frm_primary_label\">Date\r\n        <span class=\"frm_required\" aria-hidden=\"true\"><\/span>\r\n    <\/label>\r\n    <input type=\"text\" id=\"field_34p0f\" name=\"item_meta[22]\" value=\"\"  data-invmsg=\"Text is invalid\" aria-invalid=\"false\"  \/>\r\n    \r\n    \r\n<\/div>\n<div id=\"frm_field_23_container\" class=\"frm_form_field form-field  frm_top_container\">\r\n    <label for=\"field_y0mnr\" id=\"field_y0mnr_label\" class=\"frm_primary_label\">Nom de l'entreprise\r\n        <span class=\"frm_required\" aria-hidden=\"true\"><\/span>\r\n    <\/label>\r\n    <input type=\"text\" id=\"field_y0mnr\" name=\"item_meta[23]\" value=\"\"  data-invmsg=\"Text is invalid\" aria-invalid=\"false\"  \/>\r\n    \r\n    \r\n<\/div>\n<div id=\"frm_field_24_container\" class=\"frm_form_field form-field  frm_top_container\">\r\n    <label for=\"field_rgfqd\" id=\"field_rgfqd_label\" class=\"frm_primary_label\">Personne contacte\r\n        <span class=\"frm_required\" aria-hidden=\"true\"><\/span>\r\n    <\/label>\r\n    <input type=\"text\" id=\"field_rgfqd\" name=\"item_meta[24]\" value=\"\"  data-invmsg=\"Text is invalid\" aria-invalid=\"false\"  \/>\r\n    \r\n    \r\n<\/div>\n<div id=\"frm_field_25_container\" class=\"frm_form_field form-field  frm_top_container\">\r\n    <label for=\"field_odtvv\" id=\"field_odtvv_label\" class=\"frm_primary_label\">Addresse compl\u00e8te\r\n        <span class=\"frm_required\" aria-hidden=\"true\"><\/span>\r\n    <\/label>\r\n    <textarea name=\"item_meta[25]\" id=\"field_odtvv\" rows=\"5\"  data-invmsg=\"Addresse compl\u00e8te est non valide\" aria-invalid=\"false\"  ><\/textarea>\r\n    \r\n    \r\n<\/div>\n<div id=\"frm_field_26_container\" class=\"frm_form_field form-field  frm_top_container\">\r\n    <label for=\"field_2f9kn\" id=\"field_2f9kn_label\" class=\"frm_primary_label\">Num\u00e9ro de t\u00e9l\u00e9phone\r\n        <span class=\"frm_required\" aria-hidden=\"true\"><\/span>\r\n    <\/label>\r\n    <input type=\"text\" id=\"field_2f9kn\" name=\"item_meta[26]\" value=\"\"  data-invmsg=\"Text is invalid\" aria-invalid=\"false\"  \/>\r\n    \r\n    \r\n<\/div>\n<div id=\"frm_field_27_container\" class=\"frm_form_field form-field  frm_top_container\">\r\n    <label for=\"field_92wpt\" id=\"field_92wpt_label\" class=\"frm_primary_label\">Titre de la position\r\n        <span class=\"frm_required\" aria-hidden=\"true\"><\/span>\r\n    <\/label>\r\n    <input type=\"text\" id=\"field_92wpt\" name=\"item_meta[27]\" value=\"\"  data-invmsg=\"Text is invalid\" aria-invalid=\"false\"  \/>\r\n    \r\n    \r\n<\/div>\n<div id=\"frm_field_28_container\" class=\"frm_form_field form-field  frm_top_container\">\r\n    <label for=\"field_imjc\" id=\"field_imjc_label\" class=\"frm_primary_label\">Nombre de postes \u00e0 pourvoir\r\n        <span class=\"frm_required\" aria-hidden=\"true\"><\/span>\r\n    <\/label>\r\n    <input type=\"text\" id=\"field_imjc\" name=\"item_meta[28]\" value=\"\"  data-invmsg=\"Text is invalid\" aria-invalid=\"false\"  \/>\r\n    \r\n    \r\n<\/div>\n<div id=\"frm_field_29_container\" class=\"frm_form_field form-field  frm_top_container vertical_radio\">\r\n    <div  id=\"field_sqxun_label\" class=\"frm_primary_label\">Termes\r\n        <span class=\"frm_required\" aria-hidden=\"true\"><\/span>\r\n    <\/div>\r\n    <div class=\"frm_opt_container\" aria-labelledby=\"field_sqxun_label\" role=\"group\">\t\t<div class=\"frm_checkbox\" id=\"frm_checkbox_29-0\">\t\t\t<label  for=\"field_sqxun-0\">\n\t\t\t<input type=\"checkbox\" name=\"item_meta[29][]\" id=\"field_sqxun-0\" value=\"Temps Plein\"  data-invmsg=\"Termes est non valide\"   \/> Temps Plein<\/label><\/div>\n\t\t<div class=\"frm_checkbox\" id=\"frm_checkbox_29-1\">\t\t\t<label  for=\"field_sqxun-1\">\n\t\t\t<input type=\"checkbox\" name=\"item_meta[29][]\" id=\"field_sqxun-1\" value=\"Temps Partiel\"  data-invmsg=\"Termes est non valide\"   \/> Temps Partiel<\/label><\/div>\n\t\t<div class=\"frm_checkbox\" id=\"frm_checkbox_29-2\">\t\t\t<label  for=\"field_sqxun-2\">\n\t\t\t<input type=\"checkbox\" name=\"item_meta[29][]\" id=\"field_sqxun-2\" value=\"New Option\"  data-invmsg=\"Termes est non valide\"   \/> New Option<\/label><\/div>\n\t\t<div class=\"frm_checkbox\" id=\"frm_checkbox_29-3\">\t\t\t<label  for=\"field_sqxun-3\">\n\t\t\t<input type=\"checkbox\" name=\"item_meta[29][]\" id=\"field_sqxun-3\" value=\"Occasionnel\"  data-invmsg=\"Termes est non valide\"   \/> Occasionnel<\/label><\/div>\n\t\t<div class=\"frm_checkbox\" id=\"frm_checkbox_29-4\">\t\t\t<label  for=\"field_sqxun-4\">\n\t\t\t<input type=\"checkbox\" name=\"item_meta[29][]\" id=\"field_sqxun-4\" value=\"Termes\"  data-invmsg=\"Termes est non valide\"   \/> Termes<\/label><\/div>\n\t\t<div class=\"frm_checkbox\" id=\"frm_checkbox_29-5\">\t\t\t<label  for=\"field_sqxun-5\">\n\t\t\t<input type=\"checkbox\" name=\"item_meta[29][]\" id=\"field_sqxun-5\" value=\"Salaire\"  data-invmsg=\"Termes est non valide\"   \/> Salaire<\/label><\/div>\n\t\t<div class=\"frm_checkbox\" id=\"frm_checkbox_29-6\">\t\t\t<label  for=\"field_sqxun-6\">\n\t\t\t<input type=\"checkbox\" name=\"item_meta[29][]\" id=\"field_sqxun-6\" value=\"Comment postuler\"  data-invmsg=\"Termes est non valide\"   \/> Comment postuler<\/label><\/div>\n\t\t<div class=\"frm_checkbox\" id=\"frm_checkbox_29-7\">\t\t\t<label  for=\"field_sqxun-7\">\n\t\t\t<input type=\"checkbox\" name=\"item_meta[29][]\" id=\"field_sqxun-7\" value=\"Date de cl\u00f4ture\"  data-invmsg=\"Termes est non valide\"   \/> Date de cl\u00f4ture<\/label><\/div>\n<\/div>\r\n    \r\n    \r\n<\/div>\n<div id=\"frm_field_30_container\" class=\"frm_form_field form-field  frm_top_container\">\r\n    <label for=\"field_fdvfd\" id=\"field_fdvfd_label\" class=\"frm_primary_label\">Description des t\u00e2ches\r\n        <span class=\"frm_required\" aria-hidden=\"true\"><\/span>\r\n    <\/label>\r\n    <textarea name=\"item_meta[30]\" id=\"field_fdvfd\" rows=\"5\"  data-invmsg=\"Description des t\u00e2ches est non valide\" aria-invalid=\"false\"  ><\/textarea>\r\n    \r\n    \r\n<\/div>\n<div id=\"frm_field_31_container\" class=\"frm_form_field form-field  frm_top_container\">\r\n    <label for=\"field_awb68\" id=\"field_awb68_label\" class=\"frm_primary_label\">Exp\u00e9rience ou Education Requise?\r\n        <span class=\"frm_required\" aria-hidden=\"true\"><\/span>\r\n    <\/label>\r\n    <textarea name=\"item_meta[31]\" id=\"field_awb68\" rows=\"5\"  data-invmsg=\"Exp\u00e9rience ou Education Requise? est non valide\" aria-invalid=\"false\"  ><\/textarea>\r\n    \r\n    \r\n<\/div>\n<div id=\"frm_field_104_container\" class=\"frm_form_field form-field \">\r\n\t<div class=\"frm_submit\">\r\n\r\n<button class=\"frm_button_submit\" type=\"submit\"  >Submit<\/button>\r\n\r\n<\/div>\r\n<\/div>\n\t<input type=\"hidden\" name=\"item_key\" value=\"\" \/>\n\t\t\t<div id=\"frm_field_131_container\">\n\t\t\t<label for=\"field_7qfyv\" >\n\t\t\t\tSi vous \u00eates un humain, ne remplissez pas ce champ.\t\t\t<\/label>\n\t\t\t<input  id=\"field_7qfyv\" type=\"text\" class=\"frm_form_field form-field frm_verify\" name=\"item_meta[131]\" value=\"\"  \/>\n\t\t<\/div>\n\t\t<input name=\"frm_state\" type=\"hidden\" value=\"rlOczEdd2HfO8biiMuv3QK\/DRvjkct3FBUZ6V9Hcu0o=\" \/><\/div>\n<\/fieldset>\n<\/div>\n\n<\/form>\n<\/div>\n\n<p>&nbsp;<\/p>\n","protected":false},"excerpt":{"rendered":"<p>Remplissez ce formulaire pour que nous puissions publier votre offre d&#8217;emploi. &nbsp;<\/p>\n","protected":false},"author":4,"featured_media":0,"parent":1684,"menu_order":0,"comment_status":"closed","ping_status":"closed","template":"","meta":{"footnotes":""},"class_list":["post-1929","page","type-page","status-publish","hentry"],"yoast_head":"<!-- This site is optimized with the Yoast SEO plugin v27.3 - https:\/\/yoast.com\/product\/yoast-seo-wordpress\/ -->\n<title>Publier une annonce d&#039;emploi - CERC<\/title>\n<meta name=\"robots\" content=\"index, follow, max-snippet:-1, max-image-preview:large, max-video-preview:-1\" \/>\n<link rel=\"canonical\" href=\"https:\/\/cerc-mb.ca\/fr\/employeurs\/publier-une-annonce-demploi\/\" \/>\n<meta property=\"og:locale\" content=\"fr_FR\" \/>\n<meta property=\"og:type\" content=\"article\" \/>\n<meta property=\"og:title\" content=\"Publier une annonce d&#039;emploi - CERC\" \/>\n<meta property=\"og:description\" content=\"Remplissez ce formulaire pour que nous puissions publier votre offre d&#8217;emploi. &nbsp;\" \/>\n<meta property=\"og:url\" content=\"https:\/\/cerc-mb.ca\/fr\/employeurs\/publier-une-annonce-demploi\/\" \/>\n<meta property=\"og:site_name\" content=\"CERC\" \/>\n<meta property=\"article:modified_time\" content=\"2021-09-02T18:29:28+00:00\" \/>\n<meta name=\"twitter:card\" content=\"summary_large_image\" \/>\n<meta name=\"twitter:label1\" content=\"Dur\u00e9e de lecture estim\u00e9e\" \/>\n\t<meta name=\"twitter:data1\" content=\"1 minute\" \/>\n<script type=\"application\/ld+json\" class=\"yoast-schema-graph\">{\"@context\":\"https:\\\/\\\/schema.org\",\"@graph\":[{\"@type\":\"WebPage\",\"@id\":\"https:\\\/\\\/cerc-mb.ca\\\/fr\\\/employeurs\\\/publier-une-annonce-demploi\\\/\",\"url\":\"https:\\\/\\\/cerc-mb.ca\\\/fr\\\/employeurs\\\/publier-une-annonce-demploi\\\/\",\"name\":\"Publier une annonce d'emploi - CERC\",\"isPartOf\":{\"@id\":\"https:\\\/\\\/cerc-mb.ca\\\/en\\\/#website\"},\"datePublished\":\"2020-08-31T19:40:29+00:00\",\"dateModified\":\"2021-09-02T18:29:28+00:00\",\"breadcrumb\":{\"@id\":\"https:\\\/\\\/cerc-mb.ca\\\/fr\\\/employeurs\\\/publier-une-annonce-demploi\\\/#breadcrumb\"},\"inLanguage\":\"fr-FR\",\"potentialAction\":[{\"@type\":\"ReadAction\",\"target\":[\"https:\\\/\\\/cerc-mb.ca\\\/fr\\\/employeurs\\\/publier-une-annonce-demploi\\\/\"]}]},{\"@type\":\"BreadcrumbList\",\"@id\":\"https:\\\/\\\/cerc-mb.ca\\\/fr\\\/employeurs\\\/publier-une-annonce-demploi\\\/#breadcrumb\",\"itemListElement\":[{\"@type\":\"ListItem\",\"position\":1,\"name\":\"Home\",\"item\":\"https:\\\/\\\/cerc-mb.ca\\\/fr\\\/\"},{\"@type\":\"ListItem\",\"position\":2,\"name\":\"Employeurs\",\"item\":\"https:\\\/\\\/cerc-mb.ca\\\/fr\\\/employeurs\\\/\"},{\"@type\":\"ListItem\",\"position\":3,\"name\":\"Publier une annonce d&#8217;emploi\"}]},{\"@type\":\"WebSite\",\"@id\":\"https:\\\/\\\/cerc-mb.ca\\\/en\\\/#website\",\"url\":\"https:\\\/\\\/cerc-mb.ca\\\/en\\\/\",\"name\":\"CERC\",\"description\":\"\",\"potentialAction\":[{\"@type\":\"SearchAction\",\"target\":{\"@type\":\"EntryPoint\",\"urlTemplate\":\"https:\\\/\\\/cerc-mb.ca\\\/en\\\/?s={search_term_string}\"},\"query-input\":{\"@type\":\"PropertyValueSpecification\",\"valueRequired\":true,\"valueName\":\"search_term_string\"}}],\"inLanguage\":\"fr-FR\"}]}<\/script>\n<!-- \/ Yoast SEO plugin. -->","yoast_head_json":{"title":"Publier une annonce d'emploi - CERC","robots":{"index":"index","follow":"follow","max-snippet":"max-snippet:-1","max-image-preview":"max-image-preview:large","max-video-preview":"max-video-preview:-1"},"canonical":"https:\/\/cerc-mb.ca\/fr\/employeurs\/publier-une-annonce-demploi\/","og_locale":"fr_FR","og_type":"article","og_title":"Publier une annonce d'emploi - CERC","og_description":"Remplissez ce formulaire pour que nous puissions publier votre offre d&#8217;emploi. &nbsp;","og_url":"https:\/\/cerc-mb.ca\/fr\/employeurs\/publier-une-annonce-demploi\/","og_site_name":"CERC","article_modified_time":"2021-09-02T18:29:28+00:00","twitter_card":"summary_large_image","twitter_misc":{"Dur\u00e9e de lecture estim\u00e9e":"1 minute"},"schema":{"@context":"https:\/\/schema.org","@graph":[{"@type":"WebPage","@id":"https:\/\/cerc-mb.ca\/fr\/employeurs\/publier-une-annonce-demploi\/","url":"https:\/\/cerc-mb.ca\/fr\/employeurs\/publier-une-annonce-demploi\/","name":"Publier une annonce d'emploi - CERC","isPartOf":{"@id":"https:\/\/cerc-mb.ca\/en\/#website"},"datePublished":"2020-08-31T19:40:29+00:00","dateModified":"2021-09-02T18:29:28+00:00","breadcrumb":{"@id":"https:\/\/cerc-mb.ca\/fr\/employeurs\/publier-une-annonce-demploi\/#breadcrumb"},"inLanguage":"fr-FR","potentialAction":[{"@type":"ReadAction","target":["https:\/\/cerc-mb.ca\/fr\/employeurs\/publier-une-annonce-demploi\/"]}]},{"@type":"BreadcrumbList","@id":"https:\/\/cerc-mb.ca\/fr\/employeurs\/publier-une-annonce-demploi\/#breadcrumb","itemListElement":[{"@type":"ListItem","position":1,"name":"Home","item":"https:\/\/cerc-mb.ca\/fr\/"},{"@type":"ListItem","position":2,"name":"Employeurs","item":"https:\/\/cerc-mb.ca\/fr\/employeurs\/"},{"@type":"ListItem","position":3,"name":"Publier une annonce d&#8217;emploi"}]},{"@type":"WebSite","@id":"https:\/\/cerc-mb.ca\/en\/#website","url":"https:\/\/cerc-mb.ca\/en\/","name":"CERC","description":"","potentialAction":[{"@type":"SearchAction","target":{"@type":"EntryPoint","urlTemplate":"https:\/\/cerc-mb.ca\/en\/?s={search_term_string}"},"query-input":{"@type":"PropertyValueSpecification","valueRequired":true,"valueName":"search_term_string"}}],"inLanguage":"fr-FR"}]}},"publishpress_future_workflow_manual_trigger":{"enabledWorkflows":[]},"_links":{"self":[{"href":"https:\/\/cerc-mb.ca\/fr\/wp-json\/wp\/v2\/pages\/1929","targetHints":{"allow":["GET"]}}],"collection":[{"href":"https:\/\/cerc-mb.ca\/fr\/wp-json\/wp\/v2\/pages"}],"about":[{"href":"https:\/\/cerc-mb.ca\/fr\/wp-json\/wp\/v2\/types\/page"}],"author":[{"embeddable":true,"href":"https:\/\/cerc-mb.ca\/fr\/wp-json\/wp\/v2\/users\/4"}],"replies":[{"embeddable":true,"href":"https:\/\/cerc-mb.ca\/fr\/wp-json\/wp\/v2\/comments?post=1929"}],"version-history":[{"count":9,"href":"https:\/\/cerc-mb.ca\/fr\/wp-json\/wp\/v2\/pages\/1929\/revisions"}],"predecessor-version":[{"id":2909,"href":"https:\/\/cerc-mb.ca\/fr\/wp-json\/wp\/v2\/pages\/1929\/revisions\/2909"}],"up":[{"embeddable":true,"href":"https:\/\/cerc-mb.ca\/fr\/wp-json\/wp\/v2\/pages\/1684"}],"wp:attachment":[{"href":"https:\/\/cerc-mb.ca\/fr\/wp-json\/wp\/v2\/media?parent=1929"}],"curies":[{"name":"wp","href":"https:\/\/api.w.org\/{rel}","templated":true}]}}