{"id":1681,"date":"2019-03-19T00:31:46","date_gmt":"2019-03-19T00:31:46","guid":{"rendered":"https:\/\/cerc-mb.ca\/?page_id=1681"},"modified":"2025-06-06T16:22:16","modified_gmt":"2025-06-06T16:22:16","slug":"chercheurs-demploi","status":"publish","type":"page","link":"https:\/\/cerc-mb.ca\/fr\/chercheurs-demploi\/","title":{"rendered":"Chercheurs-D\u2019Emploi"},"content":{"rendered":"<div class=\"wpb-content-wrapper\"><p>[vc_row][vc_column][vc_column_text]<\/p>\n<h3><img decoding=\"async\" class=\"alignright wp-image-1575\" src=\"https:\/\/cerc-mb.ca\/wp-content\/uploads\/2019\/03\/morgan-sessions-6255-unsplash-300x200.jpg\" alt=\"\" width=\"400\" height=\"267\" srcset=\"https:\/\/cerc-mb.ca\/wp-content\/uploads\/2019\/03\/morgan-sessions-6255-unsplash-300x200.jpg 300w, https:\/\/cerc-mb.ca\/wp-content\/uploads\/2019\/03\/morgan-sessions-6255-unsplash-768x512.jpg 768w, https:\/\/cerc-mb.ca\/wp-content\/uploads\/2019\/03\/morgan-sessions-6255-unsplash-1024x683.jpg 1024w, https:\/\/cerc-mb.ca\/wp-content\/uploads\/2019\/03\/morgan-sessions-6255-unsplash-958x639.jpg 958w, https:\/\/cerc-mb.ca\/wp-content\/uploads\/2019\/03\/morgan-sessions-6255-unsplash-600x400.jpg 600w\" sizes=\"(max-width: 400px) 100vw, 400px\" \/>Besoins d\u2019aide avec:<\/h3>\n<ul>\n<li>La r\u00e9daction d\u2019un curriculum vitae ou une lettre de pr\u00e9sentation?<\/li>\n<li>Les trucs d\u2019entrevue?<\/li>\n<li>La recherche d\u2019emploi?<\/li>\n<li>La direction de carri\u00e8re?<\/li>\n<li>La recherche d\u2019information sur le march\u00e9 du travail?<\/li>\n<li>Commencer votre propre entreprise?<\/li>\n<li>La formation? Les \u00e9tudes?<\/li>\n<li>Un portfolio?<\/li>\n<\/ul>\n<p style=\"font-weight: 400;\"><em><strong> Nous offrons de l\u2019assistance personnalis\u00e9e et nous tenons \u00e0 notre devise de fournir \u00e0 tous&nbsp; nos clients&nbsp;\u201cun service chaleureux \u00e0 porte ouverte vers l\u2019avenir\u201d<\/strong><\/em><\/p>\n<h3>Demandez-nous sur nos autres ressources:<\/h3>\n<ul>\n<li>Formation et \u00e9ducation<\/li>\n<li>Services du centre d&#8217;apprentissage pour adultes<\/li>\n<li>Services aux personnes handicap\u00e9es<\/li>\n<li>Immigrants et nouveaux arrivants<\/li>\n<li>Garderies<\/li>\n<li><em>Plus&#8230;<\/em><\/li>\n<\/ul>\n<p>Les <a href=\"https:\/\/cerc-mb.ca\/fr\/chercheurs-demploi\/?lang=fr\">CEJM<\/a> sont g\u00e9r\u00e9s par le gouvernement du Manitoba, en collaboration avec les comit\u00e9s de parrainage de 34 communaut\u00e9s rurales de la province. Le chef de bureau de CEJM travaille en \u00e9troite collaboration avec le comit\u00e9 de parrainage local afin d\u2019administrer le centre d\u2019emploi communautaire.<\/p>\n<p>Tous les bureaux des CEJM sont ouverts de mai \u00e0 ao\u00fbt.<\/p>\n<p>Ce programme offre aux \u00e9tudiants et aux jeunes des services de soutien relatifs au march\u00e9 du travail. Les centres peuvent aussi aider, sans frais, les employeurs \u00e0 afficher leurs offres d\u2019emploi.<\/p>\n<p>Pour plus d&#8217;informations, remplissez le formulaire d&#8217;admission et nous vous r\u00e9pondrons d\u00e8s que possible!<\/p>\n<p><a class=\"fasc-button fasc-size-medium fasc-type-flat\" style=\"background-color: #40b7e6; color: #ffffff;\" href=\"https:\/\/cerc-mb.ca\/wp-content\/uploads\/2025\/06\/Remplissable-Formulaire-dadmission_consentement_2025-1.pdf\">Formulaire d&#8217;admission Version PDF<\/a><\/p>\n<h3>&#8220;Un service chaleureux \u00e0 porte ouverte vers l\u2019avenir!&#8221;<\/h3>\n<h3>Coordonn\u00e9es de CEJM<\/h3>\n<h4 style=\"text-align: left;\" align=\"center\">Bureau CEJM \u00e0 St-Pierre-Jolys<\/h4>\n<p>Centre de services bilingues<br \/>\n427, rue Sabourin<br \/>\nCase postale 425<br \/>\nSt-Pierre-Jolys (Manitoba) R0A 1V0<br \/>\n<strong>t\u00e9l\u00e9phone :<\/strong> (204) 433-7544<br \/>\n<strong>t\u00e9l\u00e9copieur :<\/strong> (204) 433-3988<\/p>\n<h4 style=\"text-align: left;\" align=\"center\"><span style=\"text-decoration: underline;\">Comit\u00e9&nbsp;de&nbsp;parrainage<\/span><\/h4>\n<p style=\"text-align: left;\" align=\"center\"><strong>CERC<br \/>\n<\/strong>(Centre d\u2019emploi et de ressources communautaire)<br \/>\nCentre de services bilingues<br \/>\nSt-Pierre-Jolys (Manitoba) R0A 1V0<\/p>\n<h4 style=\"text-align: left;\" align=\"center\"><span style=\"text-decoration: underline;\">MB4Youth<\/span><\/h4>\n<p>310-800, avenue Portage<br \/>\nWinnipeg (Manitoba) R3G 0N4<br \/>\n<strong>t\u00e9l\u00e9phone :<\/strong> (204) 945-3556<br \/>\n<strong>sans frais :<\/strong> 1-800-282-8069 ext. 3556<br \/>\n<strong>t\u00e9l\u00e9copieur :<\/strong> (204) 945-5726[\/vc_column_text][\/vc_column][\/vc_row][vc_row full_width=&#8221;stretch_row&#8221; content_placement=&#8221;middle&#8221; css=&#8221;.vc_custom_1553266068736{margin-bottom: 0px !important;background-color: #03a5d4 !important;}&#8221;][vc_column][vc_cta h2=&#8221;Changement de carri\u00e8re! Contactez-nous aujourd&#8217;hui!&#8221; h2_font_container=&#8221;font_size:18|color:%23ffffff|line_height:40px&#8221; h2_use_theme_fonts=&#8221;yes&#8221; txt_align=&#8221;center&#8221; shape=&#8221;square&#8221; style=&#8221;flat&#8221; color=&#8221;white&#8221; add_button=&#8221;right&#8221; btn_title=&#8221;Contactez-nous&#8221; btn_style=&#8221;outline&#8221; btn_shape=&#8221;round&#8221; btn_color=&#8221;white&#8221; use_custom_fonts_h2=&#8221;true&#8221; use_custom_fonts_h4=&#8221;true&#8221; btn_link=&#8221;url:https%3A%2F%2Fstaging.cerc-mb.ca%2Fcontact-us%2F|title:Contact%20us||&#8221; h2_el_class=&#8221;margin-0&#8243; css=&#8221;.vc_custom_1574708212093{background-color: #03a5d4 !important;}&#8221;][\/vc_cta][\/vc_column][\/vc_row]<\/p>\n<\/div>","protected":false},"excerpt":{"rendered":"<p>[vc_row][vc_column][vc_column_text] Besoins d\u2019aide avec: La r\u00e9daction d\u2019un curriculum vitae ou une lettre de pr\u00e9sentation? Les trucs d\u2019entrevue? La recherche d\u2019emploi? La direction de carri\u00e8re? La recherche d\u2019information sur le march\u00e9 du travail? Commencer votre propre entreprise? La formation? Les \u00e9tudes? Un portfolio? Nous offrons de l\u2019assistance personnalis\u00e9e et nous tenons \u00e0 notre devise de fournir \u00e0 tous&nbsp; nos clients&nbsp;\u201cun service chaleureux \u00e0 porte ouverte vers l\u2019avenir\u201d Demandez-nous sur nos autres ressources: Formation et \u00e9ducation Services du centre d&#8217;apprentissage pour adultes Services aux personnes handicap\u00e9es Immigrants et nouveaux arrivants Garderies Plus&#8230; Les CEJM sont g\u00e9r\u00e9s par le gouvernement du Manitoba, en collaboration avec les comit\u00e9s de parrainage de 34 communaut\u00e9s rurales de la province. Le chef de bureau de CEJM travaille en \u00e9troite collaboration avec le comit\u00e9 de parrainage local afin d\u2019administrer le centre d\u2019emploi communautaire. Tous les bureaux des CEJM sont ouverts de mai \u00e0 ao\u00fbt. Ce programme offre aux \u00e9tudiants et aux jeunes des services de soutien relatifs au march\u00e9 du travail. Les centres peuvent aussi aider, sans frais, les employeurs \u00e0 afficher leurs offres d\u2019emploi. Pour plus d&#8217;informations, remplissez le formulaire d&#8217;admission et nous vous r\u00e9pondrons d\u00e8s que possible! Formulaire d&#8217;admission Version PDF &#8220;Un service chaleureux \u00e0 porte ouverte vers l\u2019avenir!&#8221; Coordonn\u00e9es de CEJM Bureau CEJM \u00e0 St-Pierre-Jolys Centre de services bilingues 427, rue Sabourin Case postale 425 St-Pierre-Jolys (Manitoba) R0A 1V0 t\u00e9l\u00e9phone : (204) 433-7544 t\u00e9l\u00e9copieur : (204) 433-3988 Comit\u00e9&nbsp;de&nbsp;parrainage CERC (Centre d\u2019emploi et de ressources communautaire) Centre de services bilingues St-Pierre-Jolys (Manitoba) R0A 1V0 MB4Youth 310-800, avenue Portage Winnipeg (Manitoba) R3G 0N4 t\u00e9l\u00e9phone : (204) 945-3556 sans frais : 1-800-282-8069 ext. 3556 t\u00e9l\u00e9copieur : (204) 945-5726[\/vc_column_text][\/vc_column][\/vc_row][vc_row full_width=&#8221;stretch_row&#8221; content_placement=&#8221;middle&#8221; css=&#8221;.vc_custom_1553266068736{margin-bottom: 0px !important;background-color: #03a5d4 !important;}&#8221;][vc_column][vc_cta h2=&#8221;Changement de carri\u00e8re! Contactez-nous aujourd&#8217;hui!&#8221; h2_font_container=&#8221;font_size:18|color:%23ffffff|line_height:40px&#8221; h2_use_theme_fonts=&#8221;yes&#8221; txt_align=&#8221;center&#8221; shape=&#8221;square&#8221; style=&#8221;flat&#8221; color=&#8221;white&#8221; add_button=&#8221;right&#8221; btn_title=&#8221;Contactez-nous&#8221; btn_style=&#8221;outline&#8221; btn_shape=&#8221;round&#8221; btn_color=&#8221;white&#8221; use_custom_fonts_h2=&#8221;true&#8221; use_custom_fonts_h4=&#8221;true&#8221; btn_link=&#8221;url:https%3A%2F%2Fstaging.cerc-mb.ca%2Fcontact-us%2F|title:Contact%20us||&#8221; h2_el_class=&#8221;margin-0&#8243; css=&#8221;.vc_custom_1574708212093{background-color: #03a5d4 !important;}&#8221;][\/vc_cta][\/vc_column][\/vc_row]<\/p>\n","protected":false},"author":3,"featured_media":0,"parent":0,"menu_order":0,"comment_status":"closed","ping_status":"closed","template":"","meta":{"footnotes":""},"class_list":["post-1681","page","type-page","status-publish","hentry"],"yoast_head":"<!-- This site is optimized with the Yoast SEO plugin v27.4 - https:\/\/yoast.com\/product\/yoast-seo-wordpress\/ -->\n<title>Chercheurs-D\u2019Emploi - CERC<\/title>\n<meta name=\"robots\" content=\"index, follow, max-snippet:-1, max-image-preview:large, max-video-preview:-1\" \/>\n<link rel=\"canonical\" href=\"https:\/\/cerc-mb.ca\/fr\/chercheurs-demploi\/\" \/>\n<meta property=\"og:locale\" content=\"fr_FR\" \/>\n<meta property=\"og:type\" content=\"article\" \/>\n<meta property=\"og:title\" content=\"Chercheurs-D\u2019Emploi - CERC\" \/>\n<meta property=\"og:description\" content=\"[vc_row][vc_column][vc_column_text] Besoins d\u2019aide avec: La r\u00e9daction d\u2019un curriculum vitae ou une lettre de pr\u00e9sentation? Les trucs d\u2019entrevue? La recherche d\u2019emploi? La direction de carri\u00e8re? La recherche d\u2019information sur le march\u00e9 du travail? Commencer votre propre entreprise? La formation? Les \u00e9tudes? Un portfolio? Nous offrons de l\u2019assistance personnalis\u00e9e et nous tenons \u00e0 notre devise de fournir \u00e0 tous&nbsp; nos clients&nbsp;\u201cun service chaleureux \u00e0 porte ouverte vers l\u2019avenir\u201d Demandez-nous sur nos autres ressources: Formation et \u00e9ducation Services du centre d&#8217;apprentissage pour adultes Services aux personnes handicap\u00e9es Immigrants et nouveaux arrivants Garderies Plus&#8230; Les CEJM sont g\u00e9r\u00e9s par le gouvernement du Manitoba, en collaboration avec les comit\u00e9s de parrainage de 34 communaut\u00e9s rurales de la province. Le chef de bureau de CEJM travaille en \u00e9troite collaboration avec le comit\u00e9 de parrainage local afin d\u2019administrer le centre d\u2019emploi communautaire. Tous les bureaux des CEJM sont ouverts de mai \u00e0 ao\u00fbt. Ce programme offre aux \u00e9tudiants et aux jeunes des services de soutien relatifs au march\u00e9 du travail. Les centres peuvent aussi aider, sans frais, les employeurs \u00e0 afficher leurs offres d\u2019emploi. Pour plus d&#8217;informations, remplissez le formulaire d&#8217;admission et nous vous r\u00e9pondrons d\u00e8s que possible! Formulaire d&#8217;admission Version PDF &#8220;Un service chaleureux \u00e0 porte ouverte vers l\u2019avenir!&#8221; Coordonn\u00e9es de CEJM Bureau CEJM \u00e0 St-Pierre-Jolys Centre de services bilingues 427, rue Sabourin Case postale 425 St-Pierre-Jolys (Manitoba) R0A 1V0 t\u00e9l\u00e9phone : (204) 433-7544 t\u00e9l\u00e9copieur : (204) 433-3988 Comit\u00e9&nbsp;de&nbsp;parrainage CERC (Centre d\u2019emploi et de ressources communautaire) Centre de services bilingues St-Pierre-Jolys (Manitoba) R0A 1V0 MB4Youth 310-800, avenue Portage Winnipeg (Manitoba) R3G 0N4 t\u00e9l\u00e9phone : (204) 945-3556 sans frais : 1-800-282-8069 ext. 3556 t\u00e9l\u00e9copieur : (204) 945-5726[\/vc_column_text][\/vc_column][\/vc_row][vc_row full_width=&#8221;stretch_row&#8221; content_placement=&#8221;middle&#8221; css=&#8221;.vc_custom_1553266068736{margin-bottom: 0px !important;background-color: #03a5d4 !important;}&#8221;][vc_column][vc_cta h2=&#8221;Changement de carri\u00e8re! Contactez-nous aujourd&#8217;hui!&#8221; h2_font_container=&#8221;font_size:18|color:%23ffffff|line_height:40px&#8221; h2_use_theme_fonts=&#8221;yes&#8221; txt_align=&#8221;center&#8221; shape=&#8221;square&#8221; style=&#8221;flat&#8221; color=&#8221;white&#8221; add_button=&#8221;right&#8221; btn_title=&#8221;Contactez-nous&#8221; btn_style=&#8221;outline&#8221; btn_shape=&#8221;round&#8221; btn_color=&#8221;white&#8221; use_custom_fonts_h2=&#8221;true&#8221; use_custom_fonts_h4=&#8221;true&#8221; btn_link=&#8221;url:https%3A%2F%2Fstaging.cerc-mb.ca%2Fcontact-us%2F|title:Contact%20us||&#8221; h2_el_class=&#8221;margin-0&#8243; css=&#8221;.vc_custom_1574708212093{background-color: #03a5d4 !important;}&#8221;][\/vc_cta][\/vc_column][\/vc_row]\" \/>\n<meta property=\"og:url\" content=\"https:\/\/cerc-mb.ca\/fr\/chercheurs-demploi\/\" \/>\n<meta property=\"og:site_name\" content=\"CERC\" \/>\n<meta property=\"article:modified_time\" content=\"2025-06-06T16:22:16+00:00\" \/>\n<meta property=\"og:image\" content=\"https:\/\/cerc-mb.ca\/wp-content\/uploads\/2019\/03\/morgan-sessions-6255-unsplash.jpg\" \/>\n\t<meta property=\"og:image:width\" content=\"3936\" \/>\n\t<meta property=\"og:image:height\" content=\"2624\" \/>\n\t<meta property=\"og:image:type\" content=\"image\/jpeg\" \/>\n<meta name=\"twitter:card\" content=\"summary_large_image\" \/>\n<meta name=\"twitter:label1\" content=\"Dur\u00e9e de lecture estim\u00e9e\" \/>\n\t<meta name=\"twitter:data1\" content=\"2 minutes\" \/>\n<script type=\"application\/ld+json\" class=\"yoast-schema-graph\">{\"@context\":\"https:\\\/\\\/schema.org\",\"@graph\":[{\"@type\":\"WebPage\",\"@id\":\"https:\\\/\\\/cerc-mb.ca\\\/fr\\\/chercheurs-demploi\\\/\",\"url\":\"https:\\\/\\\/cerc-mb.ca\\\/fr\\\/chercheurs-demploi\\\/\",\"name\":\"Chercheurs-D\u2019Emploi - CERC\",\"isPartOf\":{\"@id\":\"https:\\\/\\\/cerc-mb.ca\\\/en\\\/#website\"},\"primaryImageOfPage\":{\"@id\":\"https:\\\/\\\/cerc-mb.ca\\\/fr\\\/chercheurs-demploi\\\/#primaryimage\"},\"image\":{\"@id\":\"https:\\\/\\\/cerc-mb.ca\\\/fr\\\/chercheurs-demploi\\\/#primaryimage\"},\"thumbnailUrl\":\"https:\\\/\\\/cerc-mb.ca\\\/wp-content\\\/uploads\\\/2019\\\/03\\\/morgan-sessions-6255-unsplash-300x200.jpg\",\"datePublished\":\"2019-03-19T00:31:46+00:00\",\"dateModified\":\"2025-06-06T16:22:16+00:00\",\"breadcrumb\":{\"@id\":\"https:\\\/\\\/cerc-mb.ca\\\/fr\\\/chercheurs-demploi\\\/#breadcrumb\"},\"inLanguage\":\"fr-FR\",\"potentialAction\":[{\"@type\":\"ReadAction\",\"target\":[\"https:\\\/\\\/cerc-mb.ca\\\/fr\\\/chercheurs-demploi\\\/\"]}]},{\"@type\":\"ImageObject\",\"inLanguage\":\"fr-FR\",\"@id\":\"https:\\\/\\\/cerc-mb.ca\\\/fr\\\/chercheurs-demploi\\\/#primaryimage\",\"url\":\"https:\\\/\\\/cerc-mb.ca\\\/wp-content\\\/uploads\\\/2019\\\/03\\\/morgan-sessions-6255-unsplash-300x200.jpg\",\"contentUrl\":\"https:\\\/\\\/cerc-mb.ca\\\/wp-content\\\/uploads\\\/2019\\\/03\\\/morgan-sessions-6255-unsplash-300x200.jpg\"},{\"@type\":\"BreadcrumbList\",\"@id\":\"https:\\\/\\\/cerc-mb.ca\\\/fr\\\/chercheurs-demploi\\\/#breadcrumb\",\"itemListElement\":[{\"@type\":\"ListItem\",\"position\":1,\"name\":\"Home\",\"item\":\"https:\\\/\\\/cerc-mb.ca\\\/fr\\\/\"},{\"@type\":\"ListItem\",\"position\":2,\"name\":\"Chercheurs-D\u2019Emploi\"}]},{\"@type\":\"WebSite\",\"@id\":\"https:\\\/\\\/cerc-mb.ca\\\/en\\\/#website\",\"url\":\"https:\\\/\\\/cerc-mb.ca\\\/en\\\/\",\"name\":\"CERC\",\"description\":\"\",\"potentialAction\":[{\"@type\":\"SearchAction\",\"target\":{\"@type\":\"EntryPoint\",\"urlTemplate\":\"https:\\\/\\\/cerc-mb.ca\\\/en\\\/?s={search_term_string}\"},\"query-input\":{\"@type\":\"PropertyValueSpecification\",\"valueRequired\":true,\"valueName\":\"search_term_string\"}}],\"inLanguage\":\"fr-FR\"}]}<\/script>\n<!-- \/ Yoast SEO plugin. -->","yoast_head_json":{"title":"Chercheurs-D\u2019Emploi - CERC","robots":{"index":"index","follow":"follow","max-snippet":"max-snippet:-1","max-image-preview":"max-image-preview:large","max-video-preview":"max-video-preview:-1"},"canonical":"https:\/\/cerc-mb.ca\/fr\/chercheurs-demploi\/","og_locale":"fr_FR","og_type":"article","og_title":"Chercheurs-D\u2019Emploi - CERC","og_description":"[vc_row][vc_column][vc_column_text] Besoins d\u2019aide avec: La r\u00e9daction d\u2019un curriculum vitae ou une lettre de pr\u00e9sentation? Les trucs d\u2019entrevue? La recherche d\u2019emploi? La direction de carri\u00e8re? La recherche d\u2019information sur le march\u00e9 du travail? Commencer votre propre entreprise? La formation? Les \u00e9tudes? Un portfolio? Nous offrons de l\u2019assistance personnalis\u00e9e et nous tenons \u00e0 notre devise de fournir \u00e0 tous&nbsp; nos clients&nbsp;\u201cun service chaleureux \u00e0 porte ouverte vers l\u2019avenir\u201d Demandez-nous sur nos autres ressources: Formation et \u00e9ducation Services du centre d&#8217;apprentissage pour adultes Services aux personnes handicap\u00e9es Immigrants et nouveaux arrivants Garderies Plus&#8230; Les CEJM sont g\u00e9r\u00e9s par le gouvernement du Manitoba, en collaboration avec les comit\u00e9s de parrainage de 34 communaut\u00e9s rurales de la province. Le chef de bureau de CEJM travaille en \u00e9troite collaboration avec le comit\u00e9 de parrainage local afin d\u2019administrer le centre d\u2019emploi communautaire. Tous les bureaux des CEJM sont ouverts de mai \u00e0 ao\u00fbt. Ce programme offre aux \u00e9tudiants et aux jeunes des services de soutien relatifs au march\u00e9 du travail. Les centres peuvent aussi aider, sans frais, les employeurs \u00e0 afficher leurs offres d\u2019emploi. Pour plus d&#8217;informations, remplissez le formulaire d&#8217;admission et nous vous r\u00e9pondrons d\u00e8s que possible! Formulaire d&#8217;admission Version PDF &#8220;Un service chaleureux \u00e0 porte ouverte vers l\u2019avenir!&#8221; Coordonn\u00e9es de CEJM Bureau CEJM \u00e0 St-Pierre-Jolys Centre de services bilingues 427, rue Sabourin Case postale 425 St-Pierre-Jolys (Manitoba) R0A 1V0 t\u00e9l\u00e9phone : (204) 433-7544 t\u00e9l\u00e9copieur : (204) 433-3988 Comit\u00e9&nbsp;de&nbsp;parrainage CERC (Centre d\u2019emploi et de ressources communautaire) Centre de services bilingues St-Pierre-Jolys (Manitoba) R0A 1V0 MB4Youth 310-800, avenue Portage Winnipeg (Manitoba) R3G 0N4 t\u00e9l\u00e9phone : (204) 945-3556 sans frais : 1-800-282-8069 ext. 3556 t\u00e9l\u00e9copieur : (204) 945-5726[\/vc_column_text][\/vc_column][\/vc_row][vc_row full_width=&#8221;stretch_row&#8221; content_placement=&#8221;middle&#8221; css=&#8221;.vc_custom_1553266068736{margin-bottom: 0px !important;background-color: #03a5d4 !important;}&#8221;][vc_column][vc_cta h2=&#8221;Changement de carri\u00e8re! Contactez-nous aujourd&#8217;hui!&#8221; h2_font_container=&#8221;font_size:18|color:%23ffffff|line_height:40px&#8221; h2_use_theme_fonts=&#8221;yes&#8221; txt_align=&#8221;center&#8221; shape=&#8221;square&#8221; style=&#8221;flat&#8221; color=&#8221;white&#8221; add_button=&#8221;right&#8221; btn_title=&#8221;Contactez-nous&#8221; btn_style=&#8221;outline&#8221; btn_shape=&#8221;round&#8221; btn_color=&#8221;white&#8221; use_custom_fonts_h2=&#8221;true&#8221; use_custom_fonts_h4=&#8221;true&#8221; btn_link=&#8221;url:https%3A%2F%2Fstaging.cerc-mb.ca%2Fcontact-us%2F|title:Contact%20us||&#8221; h2_el_class=&#8221;margin-0&#8243; css=&#8221;.vc_custom_1574708212093{background-color: #03a5d4 !important;}&#8221;][\/vc_cta][\/vc_column][\/vc_row]","og_url":"https:\/\/cerc-mb.ca\/fr\/chercheurs-demploi\/","og_site_name":"CERC","article_modified_time":"2025-06-06T16:22:16+00:00","og_image":[{"width":3936,"height":2624,"url":"https:\/\/cerc-mb.ca\/wp-content\/uploads\/2019\/03\/morgan-sessions-6255-unsplash.jpg","type":"image\/jpeg"}],"twitter_card":"summary_large_image","twitter_misc":{"Dur\u00e9e de lecture estim\u00e9e":"2 minutes"},"schema":{"@context":"https:\/\/schema.org","@graph":[{"@type":"WebPage","@id":"https:\/\/cerc-mb.ca\/fr\/chercheurs-demploi\/","url":"https:\/\/cerc-mb.ca\/fr\/chercheurs-demploi\/","name":"Chercheurs-D\u2019Emploi - CERC","isPartOf":{"@id":"https:\/\/cerc-mb.ca\/en\/#website"},"primaryImageOfPage":{"@id":"https:\/\/cerc-mb.ca\/fr\/chercheurs-demploi\/#primaryimage"},"image":{"@id":"https:\/\/cerc-mb.ca\/fr\/chercheurs-demploi\/#primaryimage"},"thumbnailUrl":"https:\/\/cerc-mb.ca\/wp-content\/uploads\/2019\/03\/morgan-sessions-6255-unsplash-300x200.jpg","datePublished":"2019-03-19T00:31:46+00:00","dateModified":"2025-06-06T16:22:16+00:00","breadcrumb":{"@id":"https:\/\/cerc-mb.ca\/fr\/chercheurs-demploi\/#breadcrumb"},"inLanguage":"fr-FR","potentialAction":[{"@type":"ReadAction","target":["https:\/\/cerc-mb.ca\/fr\/chercheurs-demploi\/"]}]},{"@type":"ImageObject","inLanguage":"fr-FR","@id":"https:\/\/cerc-mb.ca\/fr\/chercheurs-demploi\/#primaryimage","url":"https:\/\/cerc-mb.ca\/wp-content\/uploads\/2019\/03\/morgan-sessions-6255-unsplash-300x200.jpg","contentUrl":"https:\/\/cerc-mb.ca\/wp-content\/uploads\/2019\/03\/morgan-sessions-6255-unsplash-300x200.jpg"},{"@type":"BreadcrumbList","@id":"https:\/\/cerc-mb.ca\/fr\/chercheurs-demploi\/#breadcrumb","itemListElement":[{"@type":"ListItem","position":1,"name":"Home","item":"https:\/\/cerc-mb.ca\/fr\/"},{"@type":"ListItem","position":2,"name":"Chercheurs-D\u2019Emploi"}]},{"@type":"WebSite","@id":"https:\/\/cerc-mb.ca\/en\/#website","url":"https:\/\/cerc-mb.ca\/en\/","name":"CERC","description":"","potentialAction":[{"@type":"SearchAction","target":{"@type":"EntryPoint","urlTemplate":"https:\/\/cerc-mb.ca\/en\/?s={search_term_string}"},"query-input":{"@type":"PropertyValueSpecification","valueRequired":true,"valueName":"search_term_string"}}],"inLanguage":"fr-FR"}]}},"publishpress_future_workflow_manual_trigger":{"enabledWorkflows":[]},"_links":{"self":[{"href":"https:\/\/cerc-mb.ca\/fr\/wp-json\/wp\/v2\/pages\/1681","targetHints":{"allow":["GET"]}}],"collection":[{"href":"https:\/\/cerc-mb.ca\/fr\/wp-json\/wp\/v2\/pages"}],"about":[{"href":"https:\/\/cerc-mb.ca\/fr\/wp-json\/wp\/v2\/types\/page"}],"author":[{"embeddable":true,"href":"https:\/\/cerc-mb.ca\/fr\/wp-json\/wp\/v2\/users\/3"}],"replies":[{"embeddable":true,"href":"https:\/\/cerc-mb.ca\/fr\/wp-json\/wp\/v2\/comments?post=1681"}],"version-history":[{"count":15,"href":"https:\/\/cerc-mb.ca\/fr\/wp-json\/wp\/v2\/pages\/1681\/revisions"}],"predecessor-version":[{"id":4395,"href":"https:\/\/cerc-mb.ca\/fr\/wp-json\/wp\/v2\/pages\/1681\/revisions\/4395"}],"wp:attachment":[{"href":"https:\/\/cerc-mb.ca\/fr\/wp-json\/wp\/v2\/media?parent=1681"}],"curies":[{"name":"wp","href":"https:\/\/api.w.org\/{rel}","templated":true}]}}